{"id":10925,"date":"2025-03-19T13:33:27","date_gmt":"2025-03-19T06:33:27","guid":{"rendered":"http:\/\/demo.guneyorman.com\/?page_id=10925"},"modified":"2025-10-28T23:39:22","modified_gmt":"2025-10-28T20:39:22","slug":"hakkimizda","status":"publish","type":"page","link":"https:\/\/guneyorman.com\/en\/hakkimizda\/","title":{"rendered":"About Us"},"content":{"rendered":"<div data-elementor-type=\"wp-page\" data-elementor-id=\"10925\" class=\"elementor elementor-10925\">\n\t\t\t\t<div class=\"elementor-element elementor-element-a9d6175 e-flex e-con-boxed e-con e-parent\" data-id=\"a9d6175\" data-element_type=\"container\" data-e-type=\"container\">\n\t\t\t\t\t<div class=\"e-con-inner\">\n\t\t<div class=\"elementor-element elementor-element-e19c53f e-con-full e-flex e-con e-child\" data-id=\"e19c53f\" data-element_type=\"container\" data-e-type=\"container\" data-settings=\"{&quot;background_background&quot;:&quot;classic&quot;}\">\n\t\t\t\t<div class=\"elementor-element elementor-element-56202f9 elementor-widget__width-initial elementor-invisible elementor-widget elementor-widget-heading\" data-id=\"56202f9\" data-element_type=\"widget\" data-e-type=\"widget\" data-settings=\"{&quot;_animation&quot;:&quot;rollIn&quot;}\" data-widget_type=\"heading.default\">\n\t\t\t\t\t<h2 class=\"elementor-heading-title elementor-size-default\">\n<\/h2>\t\t\t\t<\/div>\n\t\t\t\t<\/div>\n\t\t\t\t\t<\/div>\n\t\t\t\t<\/div>\n\t\t<div class=\"elementor-element elementor-element-f12b400 e-flex e-con-boxed e-con e-parent\" data-id=\"f12b400\" data-element_type=\"container\" data-e-type=\"container\">\n\t\t\t\t\t<div class=\"e-con-inner\">\n\t\t\t\t<div class=\"elementor-element elementor-element-2746e44 elementor-widget__width-initial elementor-widget elementor-widget-heading\" data-id=\"2746e44\" data-element_type=\"widget\" data-e-type=\"widget\" data-widget_type=\"heading.default\">\n\t\t\t\t\t<h3 class=\"elementor-heading-title elementor-size-default\">Geni\u015f \u00dcr\u00fcn Yelpazesi, G\u00fc\u00e7l\u00fc Lojistik Altyap\u0131s\u0131 ve <br>Yenilik\u00e7i \u00c7\u00f6z\u00fcmleriyle G\u00fcney Orman \u00dcr\u00fcnleri, Yar\u0131m Asr\u0131 A\u015fan Tecr\u00fcbesiyle Sekt\u00f6r\u00fcn G\u00fcvenilir Markas\u0131<\/h3>\t\t\t\t<\/div>\n\t\t\t\t<div class=\"elementor-element elementor-element-e1c31b7 elementor-widget__width-initial elementor-widget elementor-widget-text-editor\" data-id=\"e1c31b7\" data-element_type=\"widget\" data-e-type=\"widget\" data-widget_type=\"text-editor.default\">\n\t\t\t\t\t\t\t\t\t<p data-start=\"125\" data-end=\"479\">Temelleri 1973 y\u0131l\u0131nda \u0130stanbul\u2019da at\u0131lan G\u00fcney Orman \u00dcr\u00fcnleri, kurucumuz Hac\u0131 \u0130smail B\u00fcy\u00fck\u2019\u00fcn vizyonu ile orman \u00fcr\u00fcnleri ve in\u015faat malzemeleri sat\u0131\u015f\u0131yla sekt\u00f6re giri\u015f yapm\u0131\u015ft\u0131r. \u0130lk faaliyetlerine Gaziosmanpa\u015fa Be\u015fy\u00fczevler\u2019de ba\u015flayan firmam\u0131z, k\u0131sa s\u00fcrede m\u00fc\u015fteri g\u00fcveni ve sekt\u00f6rel tecr\u00fcbesiyle b\u00fcy\u00fcyerek \u00fcretim ve sat\u0131\u015f kapasitesini geli\u015ftirmi\u015ftir.<\/p><p data-start=\"481\" data-end=\"753\">1984\u20131986 y\u0131llar\u0131 aras\u0131nda \u0130stanbul Arnavutk\u00f6y\u2019de kereste \u00fcretimine ba\u015flayan \u015firketimiz, Sar\u0131gazi\u2019de kurulan ilk fabrikas\u0131yla \u00fcretim kapasitesini iki kat\u0131na \u00e7\u0131karm\u0131\u015f; 1993 y\u0131l\u0131nda ise <strong data-start=\"665\" data-end=\"704\">G\u00fcney Orman \u00dcr\u00fcnleri San. Tic. A.\u015e.<\/strong> unvan\u0131 ile kurumsal kimli\u011fini g\u00fc\u00e7lendirmi\u015ftir.<\/p><p data-start=\"755\" data-end=\"784\">Bug\u00fcn G\u00fcney Orman \u00dcr\u00fcnleri;<\/p><ul data-start=\"785\" data-end=\"941\"><li data-start=\"785\" data-end=\"874\"><p data-start=\"787\" data-end=\"874\"><strong data-start=\"787\" data-end=\"871\">Suntalam, Mdflam, High Gloss, Akrilik Panel, Lak Panel, OSB, Kontraplak, Duralit<\/strong>,<\/p><\/li><li data-start=\"875\" data-end=\"912\"><p data-start=\"877\" data-end=\"912\"><strong data-start=\"877\" data-end=\"907\">Kenar Band\u0131, Tutkal, Parke<\/strong> and<\/p><\/li><li data-start=\"913\" data-end=\"941\"><p data-start=\"915\" data-end=\"941\"><strong data-start=\"915\" data-end=\"939\">Furniture Accessories<\/strong><\/p><\/li><\/ul><p data-start=\"943\" data-end=\"1015\">gibi geni\u015f \u00fcr\u00fcn yelpazesi ile sekt\u00f6r\u00fcn \u00f6nc\u00fc tedarik\u00e7ilerinden biridir.<\/p><p data-start=\"1017\" data-end=\"1229\">\u0130stanbul Sultangazi\u2019deki merkez binam\u0131z, \u0130kitelli Organize Sanayi B\u00f6lgesi\u2019ndeki depolar\u0131m\u0131z ve Keresteciler Sitesi\u2019ndeki sat\u0131\u015f ma\u011fazam\u0131z ile m\u00fc\u015fterilerimize h\u0131zl\u0131, g\u00fcvenilir ve y\u00fcksek kaliteli hizmet sunuyoruz.<\/p><p data-start=\"1231\" data-end=\"1442\">G\u00fcney Orman \u00dcr\u00fcnleri, yar\u0131m asr\u0131 a\u015fk\u0131n tecr\u00fcbesi, g\u00fc\u00e7l\u00fc lojistik altyap\u0131s\u0131 ve yenilik\u00e7i vizyonu ile <strong data-start=\"1331\" data-end=\"1415\">T\u00fcrkiye\u2019nin \u00f6nde gelen orman \u00fcr\u00fcnleri ve yap\u0131 malzemeleri tedarik\u00e7ilerinden biri<\/strong> olmaya devam etmektedir.<\/p>\t\t\t\t\t\t\t\t<\/div>\n\t\t\t\t\t<\/div>\n\t\t\t\t<\/div>\n\t\t<div class=\"elementor-element elementor-element-1ea9331 e-flex e-con-boxed e-con e-parent\" data-id=\"1ea9331\" data-element_type=\"container\" data-e-type=\"container\">\n\t\t\t\t\t<div class=\"e-con-inner\">\n\t\t<div class=\"elementor-element elementor-element-023efc3 e-con-full e-flex e-con e-child\" data-id=\"023efc3\" data-element_type=\"container\" data-e-type=\"container\">\n\t\t\t\t<div class=\"elementor-element elementor-element-0fc0582 elementor-view-default elementor-invisible elementor-widget elementor-widget-icon\" data-id=\"0fc0582\" data-element_type=\"widget\" data-e-type=\"widget\" data-settings=\"{&quot;_animation&quot;:&quot;rotateIn&quot;,&quot;_animation_delay&quot;:100}\" data-widget_type=\"icon.default\">\n\t\t\t\t\t\t\t<div class=\"elementor-icon-wrapper\">\n\t\t\t<div class=\"elementor-icon\">\n\t\t\t<i aria-hidden=\"true\" class=\"icomoon-icon icon-furniture-hammer\"><\/i>\t\t\t<\/div>\n\t\t<\/div>\n\t\t\t\t\t\t<\/div>\n\t\t\t\t<div class=\"elementor-element elementor-element-27942e5 elementor-widget elementor-widget-text-editor\" data-id=\"27942e5\" data-element_type=\"widget\" data-e-type=\"widget\" data-widget_type=\"text-editor.default\">\n\t\t\t\t\t\t\t\t\t<p>Kalite Odakl\u0131l\u0131k<\/p>\t\t\t\t\t\t\t\t<\/div>\n\t\t\t\t<div class=\"elementor-element elementor-element-d0dd710 elementor-widget elementor-widget-heading\" data-id=\"d0dd710\" data-element_type=\"widget\" data-e-type=\"widget\" data-widget_type=\"heading.default\">\n\t\t\t\t\t<h2 class=\"elementor-heading-title elementor-size-default\">Her \u00fcr\u00fcn\u00fcm\u00fczde uluslararas\u0131 standartlara uygun kaliteyi \u00f6n planda tutuyoruz. MDFLAM\u2019dan parkeye, mobilya aksesuarlar\u0131ndan dekoratif panellere kadar t\u00fcm \u00fcr\u00fcnlerimizde uzun \u00f6m\u00fcrl\u00fc kullan\u0131m ve estetik g\u00f6r\u00fcn\u00fcm sunuyoruz.<\/h2>\t\t\t\t<\/div>\n\t\t\t\t<\/div>\n\t\t<div class=\"elementor-element elementor-element-bbe7476 e-con-full e-flex e-con e-child\" data-id=\"bbe7476\" data-element_type=\"container\" data-e-type=\"container\">\n\t\t\t\t<div class=\"elementor-element elementor-element-b955e85 elementor-view-default elementor-invisible elementor-widget elementor-widget-icon\" data-id=\"b955e85\" data-element_type=\"widget\" data-e-type=\"widget\" data-settings=\"{&quot;_animation&quot;:&quot;rotateIn&quot;,&quot;_animation_delay&quot;:200}\" data-widget_type=\"icon.default\">\n\t\t\t\t\t\t\t<div class=\"elementor-icon-wrapper\">\n\t\t\t<div class=\"elementor-icon\">\n\t\t\t<i aria-hidden=\"true\" class=\"icomoon-icon icon-furniture-hand-holding-seedling\"><\/i>\t\t\t<\/div>\n\t\t<\/div>\n\t\t\t\t\t\t<\/div>\n\t\t\t\t<div class=\"elementor-element elementor-element-feaf89f elementor-widget elementor-widget-text-editor\" data-id=\"feaf89f\" data-element_type=\"widget\" data-e-type=\"widget\" data-widget_type=\"text-editor.default\">\n\t\t\t\t\t\t\t\t\t<p>G\u00fcvenilir \u0130\u015f Ortakl\u0131\u011f\u0131<\/p>\t\t\t\t\t\t\t\t<\/div>\n\t\t\t\t<div class=\"elementor-element elementor-element-7cd89b4 elementor-widget elementor-widget-heading\" data-id=\"7cd89b4\" data-element_type=\"widget\" data-e-type=\"widget\" data-widget_type=\"heading.default\">\n\t\t\t\t\t<h2 class=\"elementor-heading-title elementor-size-default\"><p data-start=\"514\" data-end=\"677\">M\u00fc\u015fterilerimize yaln\u0131zca \u00fcr\u00fcn de\u011fil, s\u00fcrd\u00fcr\u00fclebilir bir i\u015f ortakl\u0131\u011f\u0131 sunuyoruz.   50 y\u0131la yakla\u015fan tecr\u00fcbemizle, i\u015fimizin merkezine g\u00fcveni ve \u015feffafl\u0131\u011f\u0131 koyuyoruz.<\/p>\n<h3 data-start=\"679\" data-end=\"708\"><\/h3><\/h2>\t\t\t\t<\/div>\n\t\t\t\t<\/div>\n\t\t<div class=\"elementor-element elementor-element-1256c0b e-con-full e-flex e-con e-child\" data-id=\"1256c0b\" data-element_type=\"container\" data-e-type=\"container\">\n\t\t\t\t<div class=\"elementor-element elementor-element-0ecfab9 elementor-view-default elementor-invisible elementor-widget elementor-widget-icon\" data-id=\"0ecfab9\" data-element_type=\"widget\" data-e-type=\"widget\" data-settings=\"{&quot;_animation&quot;:&quot;rotateIn&quot;,&quot;_animation_delay&quot;:300}\" data-widget_type=\"icon.default\">\n\t\t\t\t\t\t\t<div class=\"elementor-icon-wrapper\">\n\t\t\t<div class=\"elementor-icon\">\n\t\t\t<i aria-hidden=\"true\" class=\"icomoon-icon icon-furniture-heart-hand-gesture\"><\/i>\t\t\t<\/div>\n\t\t<\/div>\n\t\t\t\t\t\t<\/div>\n\t\t\t\t<div class=\"elementor-element elementor-element-0056ca3 elementor-widget elementor-widget-text-editor\" data-id=\"0056ca3\" data-element_type=\"widget\" data-e-type=\"widget\" data-widget_type=\"text-editor.default\">\n\t\t\t\t\t\t\t\t\t<p>Yenilik\u00e7i Vizyon<\/p>\t\t\t\t\t\t\t\t<\/div>\n\t\t\t\t<div class=\"elementor-element elementor-element-093b4ad elementor-widget elementor-widget-heading\" data-id=\"093b4ad\" data-element_type=\"widget\" data-e-type=\"widget\" data-widget_type=\"heading.default\">\n\t\t\t\t\t<h2 class=\"elementor-heading-title elementor-size-default\">Sekt\u00f6rdeki trendleri ve teknolojik geli\u015fmeleri yak\u0131ndan takip ederek \u00fcr\u00fcn gam\u0131m\u0131z\u0131 s\u00fcrekli yeniliyoruz.            Modern tasar\u0131mlar ve inovatif \u00e7\u00f6z\u00fcmlerle m\u00fc\u015fterilerimize gelece\u011fin ya\u015fam alanlar\u0131n\u0131 bug\u00fcnden sunuyoruz.<\/h2>\t\t\t\t<\/div>\n\t\t\t\t<\/div>\n\t\t<div class=\"elementor-element elementor-element-db4083b e-con-full e-flex e-con e-child\" data-id=\"db4083b\" data-element_type=\"container\" data-e-type=\"container\">\n\t\t\t\t<div class=\"elementor-element elementor-element-ceb5802 elementor-view-default elementor-invisible elementor-widget elementor-widget-icon\" data-id=\"ceb5802\" data-element_type=\"widget\" data-e-type=\"widget\" data-settings=\"{&quot;_animation&quot;:&quot;rotateIn&quot;,&quot;_animation_delay&quot;:400}\" data-widget_type=\"icon.default\">\n\t\t\t\t\t\t\t<div class=\"elementor-icon-wrapper\">\n\t\t\t<div class=\"elementor-icon\">\n\t\t\t<i aria-hidden=\"true\" class=\"icomoon-icon icon-furniture-couch\"><\/i>\t\t\t<\/div>\n\t\t<\/div>\n\t\t\t\t\t\t<\/div>\n\t\t\t\t<div class=\"elementor-element elementor-element-f1150bc elementor-widget elementor-widget-text-editor\" data-id=\"f1150bc\" data-element_type=\"widget\" data-e-type=\"widget\" data-widget_type=\"text-editor.default\">\n\t\t\t\t\t\t\t\t\t<p>Wide Product Range<\/p>\t\t\t\t\t\t\t\t<\/div>\n\t\t\t\t<div class=\"elementor-element elementor-element-a880113 elementor-widget elementor-widget-heading\" data-id=\"a880113\" data-element_type=\"widget\" data-e-type=\"widget\" data-widget_type=\"heading.default\">\n\t\t\t\t\t<h2 class=\"elementor-heading-title elementor-size-default\">Orman \u00fcr\u00fcnleri, panel gruplar\u0131, parke ve mobilya aksesuarlar\u0131n\u0131 kapsayan g\u00fc\u00e7l\u00fc \u00fcr\u00fcn \u00e7e\u015fitlili\u011fimizle farkl\u0131 ihtiya\u00e7lara tek noktadan \u00e7\u00f6z\u00fcm sa\u011fl\u0131yoruz.<\/h2>\t\t\t\t<\/div>\n\t\t\t\t<\/div>\n\t\t<div class=\"elementor-element elementor-element-c39eee6 e-con-full e-flex e-con e-child\" data-id=\"c39eee6\" data-element_type=\"container\" data-e-type=\"container\">\n\t\t\t\t<div class=\"elementor-element elementor-element-cbb1821 elementor-view-default elementor-invisible elementor-widget elementor-widget-icon\" data-id=\"cbb1821\" data-element_type=\"widget\" data-e-type=\"widget\" data-settings=\"{&quot;_animation&quot;:&quot;rotateIn&quot;,&quot;_animation_delay&quot;:500}\" data-widget_type=\"icon.default\">\n\t\t\t\t\t\t\t<div class=\"elementor-icon-wrapper\">\n\t\t\t<div class=\"elementor-icon\">\n\t\t\t<i aria-hidden=\"true\" class=\"icomoon-icon icon-furniture-question-message-converted\"><\/i>\t\t\t<\/div>\n\t\t<\/div>\n\t\t\t\t\t\t<\/div>\n\t\t\t\t<div class=\"elementor-element elementor-element-506fdcb elementor-widget elementor-widget-text-editor\" data-id=\"506fdcb\" data-element_type=\"widget\" data-e-type=\"widget\" data-widget_type=\"text-editor.default\">\n\t\t\t\t\t\t\t\t\t<p>Strong Logistics Infrastructure<\/p>\t\t\t\t\t\t\t\t<\/div>\n\t\t\t\t<div class=\"elementor-element elementor-element-b81d625 elementor-widget elementor-widget-heading\" data-id=\"b81d625\" data-element_type=\"widget\" data-e-type=\"widget\" data-widget_type=\"heading.default\">\n\t\t\t\t\t<h2 class=\"elementor-heading-title elementor-size-default\"><p data-start=\"1144\" data-end=\"1293\">\u0130stanbul Sultangazi merkez binam\u0131z,    \u0130kitelli depolar\u0131m\u0131z ve sat\u0131\u015f ma\u011fazalar\u0131m\u0131zla m\u00fc\u015fterilerimize h\u0131zl\u0131, g\u00fcvenilir ve kesintisiz hizmet sa\u011fl\u0131yoruz.<\/p><\/h2>\t\t\t\t<\/div>\n\t\t\t\t<\/div>\n\t\t\t\t\t<\/div>\n\t\t\t\t<\/div>\n\t\t<div class=\"elementor-element elementor-element-80b71ea e-flex e-con-boxed e-con e-parent\" data-id=\"80b71ea\" data-element_type=\"container\" data-e-type=\"container\">\n\t\t\t\t\t<div class=\"e-con-inner\">\n\t\t\t\t<div class=\"elementor-element elementor-element-a9be71b elementor-widget-divider--view-line elementor-widget elementor-widget-divider\" data-id=\"a9be71b\" data-element_type=\"widget\" data-e-type=\"widget\" data-widget_type=\"divider.default\">\n\t\t\t\t\t\t\t<div class=\"elementor-divider\">\n\t\t\t<span class=\"elementor-divider-separator\">\n\t\t\t\t\t\t<\/span>\n\t\t<\/div>\n\t\t\t\t\t\t<\/div>\n\t\t\t\t\t<\/div>\n\t\t\t\t<\/div>\n\t\t<div class=\"elementor-element elementor-element-c1c2db7 e-flex e-con-boxed e-con e-parent\" data-id=\"c1c2db7\" data-element_type=\"container\" data-e-type=\"container\" data-settings=\"{&quot;background_background&quot;:&quot;classic&quot;}\">\n\t\t\t\t\t<div class=\"e-con-inner\">\n\t\t\t\t<div class=\"elementor-element elementor-element-603937a elementor-widget elementor-widget-button\" data-id=\"603937a\" data-element_type=\"widget\" data-e-type=\"widget\" data-widget_type=\"button.default\">\n\t\t\t\t\t\t\t\t\t\t<a class=\"elementor-button elementor-button-link elementor-size-sm\" href=\"#\">\n\t\t\t\t\t\t<span class=\"elementor-button-content-wrapper\">\n\t\t\t\t\t\t\t\t\t<span class=\"elementor-button-text\">Vizyonumuz<\/span>\n\t\t\t\t\t<\/span>\n\t\t\t\t\t<\/a>\n\t\t\t\t\t\t\t\t<\/div>\n\t\t\t\t<div class=\"elementor-element elementor-element-5e8ea8d elementor-widget__width-initial elementor-widget elementor-widget-heading\" data-id=\"5e8ea8d\" data-element_type=\"widget\" data-e-type=\"widget\" data-widget_type=\"heading.default\">\n\t\t\t\t\t<h2 class=\"elementor-heading-title elementor-size-default\">Orman \u00fcr\u00fcnleri sekt\u00f6r\u00fcnde yenilik\u00e7i, \u00e7evreye duyarl\u0131 ve g\u00fcvenilir yakla\u015f\u0131m\u0131yla T\u00fcrkiye\u2019nin lider markalar\u0131ndan biri olarak, global \u00f6l\u00e7ekte de tercih edilen bir tedarik\u00e7i haline gelmek. \n\nM\u00fc\u015fterilerimizin ya\u015fam ve i\u015f alanlar\u0131n\u0131 estetik, modern ve dayan\u0131kl\u0131 \u00e7\u00f6z\u00fcmlerle bulu\u015fturmak.<\/h2>\t\t\t\t<\/div>\n\t\t\t\t\t<\/div>\n\t\t\t\t<\/div>\n\t\t\t\t<\/div>","protected":false},"excerpt":{"rendered":"<p>Geni\u015f \u00dcr\u00fcn Yelpazesi, G\u00fc\u00e7l\u00fc Lojistik Altyap\u0131s\u0131 ve Yenilik\u00e7i \u00c7\u00f6z\u00fcmleriyle G\u00fcney Orman \u00dcr\u00fcnleri, Yar\u0131m Asr\u0131 A\u015fan Tecr\u00fcbesiyle Sekt\u00f6r\u00fcn G\u00fcvenilir Markas\u0131 Temelleri 1973 y\u0131l\u0131nda \u0130stanbul\u2019da at\u0131lan G\u00fcney Orman \u00dcr\u00fcnleri, kurucumuz Hac\u0131 \u0130smail B\u00fcy\u00fck\u2019\u00fcn vizyonu ile orman \u00fcr\u00fcnleri ve in\u015faat malzemeleri sat\u0131\u015f\u0131yla sekt\u00f6re giri\u015f yapm\u0131\u015ft\u0131r. \u0130lk faaliyetlerine Gaziosmanpa\u015fa Be\u015fy\u00fczevler\u2019de ba\u015flayan firmam\u0131z, k\u0131sa s\u00fcrede m\u00fc\u015fteri g\u00fcveni ve sekt\u00f6rel tecr\u00fcbesiyle [&hellip;]<\/p>\n","protected":false},"author":1,"featured_media":0,"parent":0,"menu_order":0,"comment_status":"closed","ping_status":"closed","template":"","meta":{"footnotes":""},"class_list":["post-10925","page","type-page","status-publish","hentry"],"_links":{"self":[{"href":"https:\/\/guneyorman.com\/en\/wp-json\/wp\/v2\/pages\/10925","targetHints":{"allow":["GET"]}}],"collection":[{"href":"https:\/\/guneyorman.com\/en\/wp-json\/wp\/v2\/pages"}],"about":[{"href":"https:\/\/guneyorman.com\/en\/wp-json\/wp\/v2\/types\/page"}],"author":[{"embeddable":true,"href":"https:\/\/guneyorman.com\/en\/wp-json\/wp\/v2\/users\/1"}],"replies":[{"embeddable":true,"href":"https:\/\/guneyorman.com\/en\/wp-json\/wp\/v2\/comments?post=10925"}],"version-history":[{"count":17,"href":"https:\/\/guneyorman.com\/en\/wp-json\/wp\/v2\/pages\/10925\/revisions"}],"predecessor-version":[{"id":12380,"href":"https:\/\/guneyorman.com\/en\/wp-json\/wp\/v2\/pages\/10925\/revisions\/12380"}],"wp:attachment":[{"href":"https:\/\/guneyorman.com\/en\/wp-json\/wp\/v2\/media?parent=10925"}],"curies":[{"name":"wp","href":"https:\/\/api.w.org\/{rel}","templated":true}]}}