{"id":10933,"date":"2025-03-19T15:36:30","date_gmt":"2025-03-19T08:36:30","guid":{"rendered":"http:\/\/demo.guneyorman.com\/?page_id=10933"},"modified":"2025-10-15T13:46:24","modified_gmt":"2025-10-15T10:46:24","slug":"bize-ulasin","status":"publish","type":"page","link":"https:\/\/guneyorman.com\/en\/contact-us\/","title":{"rendered":"Contact Us - Default"},"content":{"rendered":"<div data-elementor-type=\"wp-page\" data-elementor-id=\"10933\" class=\"elementor elementor-10933\">\n\t\t\t\t<div class=\"elementor-element elementor-element-af7c78f e-flex e-con-boxed e-con e-parent\" data-id=\"af7c78f\" data-element_type=\"container\" data-e-type=\"container\">\n\t\t\t\t\t<div class=\"e-con-inner\">\n\t\t<div class=\"elementor-element elementor-element-4baa906 e-con-full e-flex e-con e-child\" data-id=\"4baa906\" data-element_type=\"container\" data-e-type=\"container\">\n\t\t\t\t<div class=\"elementor-element elementor-element-b48ef8a elementor-widget__width-initial elementor-widget elementor-widget-heading\" data-id=\"b48ef8a\" data-element_type=\"widget\" data-e-type=\"widget\" data-widget_type=\"heading.default\">\n\t\t\t\t\t<h3 class=\"elementor-heading-title elementor-size-default\">About Your Home<br>Everything<\/h3>\t\t\t\t<\/div>\n\t\t\t\t<div class=\"elementor-element elementor-element-da5cb84 elementor-widget__width-initial elementor-widget elementor-widget-text-editor\" data-id=\"da5cb84\" data-element_type=\"widget\" data-e-type=\"widget\" data-widget_type=\"text-editor.default\">\n\t\t\t\t\t\t\t\t\t<p>Contact Now!<\/p>\t\t\t\t\t\t\t\t<\/div>\n\t\t\t\t<\/div>\n\t\t<div class=\"elementor-element elementor-element-ff83962 e-con-full e-flex e-con e-child\" data-id=\"ff83962\" data-element_type=\"container\" data-e-type=\"container\">\n\t\t\t\t<div class=\"elementor-element elementor-element-3a0bf3e elementor-widget elementor-widget-image\" data-id=\"3a0bf3e\" data-element_type=\"widget\" data-e-type=\"widget\" data-widget_type=\"image.default\">\n\t\t\t\t\t\t\t\t\t\t\t\t\t\t\t<img fetchpriority=\"high\" decoding=\"async\" width=\"1546\" height=\"1266\" src=\"https:\/\/guneyorman.com\/wp-content\/uploads\/2025\/09\/Ekran-Resmi-2025-09-07-19.24.50.png\" class=\"attachment-full size-full wp-image-11789\" alt=\"\" srcset=\"https:\/\/guneyorman.com\/wp-content\/uploads\/2025\/09\/Ekran-Resmi-2025-09-07-19.24.50.png 1546w, https:\/\/guneyorman.com\/wp-content\/uploads\/2025\/09\/Ekran-Resmi-2025-09-07-19.24.50-300x246.png 300w, https:\/\/guneyorman.com\/wp-content\/uploads\/2025\/09\/Ekran-Resmi-2025-09-07-19.24.50-1024x839.png 1024w, https:\/\/guneyorman.com\/wp-content\/uploads\/2025\/09\/Ekran-Resmi-2025-09-07-19.24.50-768x629.png 768w, https:\/\/guneyorman.com\/wp-content\/uploads\/2025\/09\/Ekran-Resmi-2025-09-07-19.24.50-1536x1258.png 1536w, https:\/\/guneyorman.com\/wp-content\/uploads\/2025\/09\/Ekran-Resmi-2025-09-07-19.24.50-244x200.png 244w\" sizes=\"(max-width: 1546px) 100vw, 1546px\" \/>\t\t\t\t\t\t\t\t\t\t\t\t\t\t\t<\/div>\n\t\t\t\t<\/div>\n\t\t\t\t\t<\/div>\n\t\t\t\t<\/div>\n\t\t<div class=\"elementor-element elementor-element-5ec8015 e-flex e-con-boxed e-con e-parent\" data-id=\"5ec8015\" data-element_type=\"container\" data-e-type=\"container\">\n\t\t\t\t\t<div class=\"e-con-inner\">\n\t\t<div class=\"elementor-element elementor-element-a9faf72 e-con-full elementor-hidden-mobile elementor-hidden-tablet e-flex e-con e-child\" data-id=\"a9faf72\" data-element_type=\"container\" data-e-type=\"container\">\n\t\t\t\t<div class=\"elementor-element elementor-element-9f5ba0b elementor-widget elementor-widget-image\" data-id=\"9f5ba0b\" data-element_type=\"widget\" data-e-type=\"widget\" data-widget_type=\"image.default\">\n\t\t\t\t\t\t\t\t\t\t\t\t\t\t\t<img decoding=\"async\" width=\"2300\" height=\"815\" src=\"https:\/\/guneyorman.com\/wp-content\/uploads\/2025\/09\/GUNEY-ORMAN-02.png\" class=\"attachment-full size-full wp-image-11759\" alt=\"\" srcset=\"https:\/\/guneyorman.com\/wp-content\/uploads\/2025\/09\/GUNEY-ORMAN-02.png 2300w, https:\/\/guneyorman.com\/wp-content\/uploads\/2025\/09\/GUNEY-ORMAN-02-300x106.png 300w, https:\/\/guneyorman.com\/wp-content\/uploads\/2025\/09\/GUNEY-ORMAN-02-1024x363.png 1024w, https:\/\/guneyorman.com\/wp-content\/uploads\/2025\/09\/GUNEY-ORMAN-02-768x272.png 768w, https:\/\/guneyorman.com\/wp-content\/uploads\/2025\/09\/GUNEY-ORMAN-02-1536x544.png 1536w, https:\/\/guneyorman.com\/wp-content\/uploads\/2025\/09\/GUNEY-ORMAN-02-2048x726.png 2048w, https:\/\/guneyorman.com\/wp-content\/uploads\/2025\/09\/GUNEY-ORMAN-02-564x200.png 564w\" sizes=\"(max-width: 2300px) 100vw, 2300px\" \/>\t\t\t\t\t\t\t\t\t\t\t\t\t\t\t<\/div>\n\t\t\t\t<\/div>\n\t\t<div class=\"elementor-element elementor-element-8172197 e-con-full e-flex e-con e-child\" data-id=\"8172197\" data-element_type=\"container\" data-e-type=\"container\">\n\t\t\t\t<div class=\"elementor-element elementor-element-e647ed2 elementor-widget-tablet_extra__width-inherit elementor-widget elementor-widget-heading\" data-id=\"e647ed2\" data-element_type=\"widget\" data-e-type=\"widget\" data-widget_type=\"heading.default\">\n\t\t\t\t\t<h6 class=\"elementor-heading-title elementor-size-default\">Visit Us<\/h6>\t\t\t\t<\/div>\n\t\t\t\t<div class=\"elementor-element elementor-element-7b7d9ef elementor-widget elementor-widget-text-editor\" data-id=\"7b7d9ef\" data-element_type=\"widget\" data-e-type=\"widget\" data-widget_type=\"text-editor.default\">\n\t\t\t\t\t\t\t\t\t<p><a href=\"https:\/\/www.google.com\/maps\/place\/G\u00fcney+Orman+Merkez+-+Showroom\/@41.0696128,28.631179,37531m\/data=!3m1!1e3!4m10!1m2!2m1!1zZ8O8bmV5IG9ybWFuIMO8csO8bmxlcmk!3m6!1s0x14caa58fad5caf6d:0x8d3c69066221a258!8m2!3d41.0696128!4d28.7836143!15sChdnw7xuZXkgb3JtYW4gw7xyw7xubGVyaVoZIhdnw7xuZXkgb3JtYW4gw7xyw7xubGVyaZIBI3dvb2RfYW5kX2xhbWluYXRlX2Zsb29yaW5nX3N1cHBsaWVyqgFNCgwvZy8xMWd6N3IxaG4QATIeEAEiGrfvgdz3kXtcKzitOskwLew1FRv7aS70agOpMhsQAiIXZ8O8bmV5IG9ybWFuIMO8csO8bmxlcmngAQA!16s%2Fg%2F11qww_r5zb?entry=ttu&amp;g_ep=EgoyMDI1MDkwOS4wIKXMDSoASAFQAw%3D%3D\">Map Location<\/a><\/p>\t\t\t\t\t\t\t\t<\/div>\n\t\t\t\t<div class=\"elementor-element elementor-element-8266f52 elementor-widget elementor-widget-text-editor\" data-id=\"8266f52\" data-element_type=\"widget\" data-e-type=\"widget\" data-widget_type=\"text-editor.default\">\n\t\t\t\t\t\t\t\t\t<p>I.O.S.B. Keresteciler San. Sit. 21.&nbsp;<\/p><p>Block 20th Sk. No: 34-36&nbsp;<\/p><p>Basaksehir \/ Istanbul<\/p>\t\t\t\t\t\t\t\t<\/div>\n\t\t\t\t<\/div>\n\t\t<div class=\"elementor-element elementor-element-2893fa4 e-con-full e-flex e-con e-child\" data-id=\"2893fa4\" data-element_type=\"container\" data-e-type=\"container\">\n\t\t\t\t<div class=\"elementor-element elementor-element-5612ed1 elementor-widget-tablet_extra__width-inherit elementor-widget elementor-widget-heading\" data-id=\"5612ed1\" data-element_type=\"widget\" data-e-type=\"widget\" data-widget_type=\"heading.default\">\n\t\t\t\t\t<h6 class=\"elementor-heading-title elementor-size-default\">Contact<\/h6>\t\t\t\t<\/div>\n\t\t\t\t<div class=\"elementor-element elementor-element-9288bc6 elementor-icon-list--layout-traditional elementor-list-item-link-full_width elementor-invisible elementor-widget elementor-widget-icon-list\" data-id=\"9288bc6\" data-element_type=\"widget\" data-e-type=\"widget\" data-settings=\"{&quot;_animation&quot;:&quot;tada&quot;,&quot;_animation_delay&quot;:100}\" data-widget_type=\"icon-list.default\">\n\t\t\t\t\t\t\t<ul class=\"elementor-icon-list-items\">\n\t\t\t\t\t\t\t<li class=\"elementor-icon-list-item\">\n\t\t\t\t\t\t\t\t\t\t\t<span class=\"elementor-icon-list-icon\">\n\t\t\t\t\t\t\t<i aria-hidden=\"true\" class=\"icomoon-icon icon-phone\"><\/i>\t\t\t\t\t\t<\/span>\n\t\t\t\t\t\t\t\t\t\t<span class=\"elementor-icon-list-text\">+90 212 617 20 41<\/span>\n\t\t\t\t\t\t\t\t\t<\/li>\n\t\t\t\t\t\t<\/ul>\n\t\t\t\t\t\t<\/div>\n\t\t<div class=\"elementor-element elementor-element-d233a16 e-con-full e-flex e-con e-child\" data-id=\"d233a16\" data-element_type=\"container\" data-e-type=\"container\">\n\t\t\t\t<\/div>\n\t\t\t\t<\/div>\n\t\t<div class=\"elementor-element elementor-element-f9042e1 e-con-full e-flex e-con e-child\" data-id=\"f9042e1\" data-element_type=\"container\" data-e-type=\"container\">\n\t\t\t\t<div class=\"elementor-element elementor-element-9f4c020 elementor-widget-tablet_extra__width-inherit elementor-widget elementor-widget-heading\" data-id=\"9f4c020\" data-element_type=\"widget\" data-e-type=\"widget\" data-widget_type=\"heading.default\">\n\t\t\t\t\t<h6 class=\"elementor-heading-title elementor-size-default\">E-mail<\/h6>\t\t\t\t<\/div>\n\t\t\t\t<div class=\"elementor-element elementor-element-947f318 elementor-icon-list--layout-traditional elementor-list-item-link-full_width elementor-invisible elementor-widget elementor-widget-icon-list\" data-id=\"947f318\" data-element_type=\"widget\" data-e-type=\"widget\" data-settings=\"{&quot;_animation&quot;:&quot;tada&quot;,&quot;_animation_delay&quot;:200}\" data-widget_type=\"icon-list.default\">\n\t\t\t\t\t\t\t<ul class=\"elementor-icon-list-items\">\n\t\t\t\t\t\t\t<li class=\"elementor-icon-list-item\">\n\t\t\t\t\t\t\t\t\t\t\t<span class=\"elementor-icon-list-icon\">\n\t\t\t\t\t\t\t<i aria-hidden=\"true\" class=\"icomoon-icon icon-email\"><\/i>\t\t\t\t\t\t<\/span>\n\t\t\t\t\t\t\t\t\t\t<span class=\"elementor-icon-list-text\">info@g\u00fcneyorman.com<\/span>\n\t\t\t\t\t\t\t\t\t<\/li>\n\t\t\t\t\t\t<\/ul>\n\t\t\t\t\t\t<\/div>\n\t\t\t\t<div class=\"elementor-element elementor-element-94d3a50 elementor-hidden-mobile elementor-widget-divider--view-line elementor-widget elementor-widget-divider\" data-id=\"94d3a50\" data-element_type=\"widget\" data-e-type=\"widget\" data-widget_type=\"divider.default\">\n\t\t\t\t\t\t\t<div class=\"elementor-divider\">\n\t\t\t<span class=\"elementor-divider-separator\">\n\t\t\t\t\t\t<\/span>\n\t\t<\/div>\n\t\t\t\t\t\t<\/div>\n\t\t\t\t<\/div>\n\t\t\t\t\t<\/div>\n\t\t\t\t<\/div>\n\t\t<div class=\"elementor-element elementor-element-5e62472 e-flex e-con-boxed e-con e-parent\" data-id=\"5e62472\" data-element_type=\"container\" data-e-type=\"container\">\n\t\t\t\t\t<div class=\"e-con-inner\">\n\t\t\t\t<div class=\"elementor-element elementor-element-11a5f81 elementor-widget-divider--view-line elementor-widget elementor-widget-divider\" data-id=\"11a5f81\" data-element_type=\"widget\" data-e-type=\"widget\" data-widget_type=\"divider.default\">\n\t\t\t\t\t\t\t<div class=\"elementor-divider\">\n\t\t\t<span class=\"elementor-divider-separator\">\n\t\t\t\t\t\t<\/span>\n\t\t<\/div>\n\t\t\t\t\t\t<\/div>\n\t\t\t\t\t<\/div>\n\t\t\t\t<\/div>\n\t\t<div class=\"elementor-element elementor-element-6bf923a e-flex e-con-boxed e-con e-parent\" data-id=\"6bf923a\" data-element_type=\"container\" data-e-type=\"container\">\n\t\t\t\t\t<div class=\"e-con-inner\">\n\t\t\t\t<div class=\"elementor-element elementor-element-53ab516 elementor-widget elementor-widget-heading\" data-id=\"53ab516\" data-element_type=\"widget\" data-e-type=\"widget\" data-widget_type=\"heading.default\">\n\t\t\t\t\t<h5 class=\"elementor-heading-title elementor-size-default\">Follow Us<\/h5>\t\t\t\t<\/div>\n\t\t\t\t<div class=\"elementor-element elementor-element-3da4bb4 elementor-widget-mobile__width-inherit elementor-widget elementor-widget-ts-social-icons\" data-id=\"3da4bb4\" data-element_type=\"widget\" data-e-type=\"widget\" data-widget_type=\"ts-social-icons.default\">\n\t\t\t\t<div class=\"elementor-widget-container\">\n\t\t\t\t\t\t\t<div class=\"ts-social-icons-elementor-widget social-icons title-horizontal show-name hide-name-mobile\">\n\t\t\t\t\t\t\n\t\t\t<div class=\"list-items\">\n\t\t\t\t\t\t\t<span>\n\t\t\t\t\t<a href=\"\" target=\"_blank\" class=\"elementor-icon elementor-social-icon elementor-social-icon-icon-brand-facebook elementor-repeater-item-6f25469 elementor-animation-\">\n\t\t\t\t\t\t<i class=\"icomoon-icon icon-brand-facebook\"><\/i>\t\t\t\t\t\t\t\t\t\t\t\t\t<span class=\"social-name\">southforest<\/span>\n\t\t\t\t\t\t\t\t\t\t\t<\/a>\n\t\t\t\t<\/span>\n\t\t\t\t\t\t\t\t<span>\n\t\t\t\t\t<a href=\"\" target=\"_blank\" class=\"elementor-icon elementor-social-icon elementor-social-icon-icon-brand-instagram elementor-repeater-item-85fd943 elementor-animation-\">\n\t\t\t\t\t\t<i class=\"icomoon-icon icon-brand-instagram\"><\/i>\t\t\t\t\t\t\t\t\t\t\t\t\t<span class=\"social-name\">southforest<\/span>\n\t\t\t\t\t\t\t\t\t\t\t<\/a>\n\t\t\t\t<\/span>\n\t\t\t\t\t\t\t<\/div>\n\t\t<\/div>\n\t\t\t\t\t\t<\/div>\n\t\t\t\t<\/div>\n\t\t\t\t\t<\/div>\n\t\t\t\t<\/div>\n\t\t<div class=\"elementor-element elementor-element-80ef5ae e-flex e-con-boxed e-con e-parent\" data-id=\"80ef5ae\" data-element_type=\"container\" data-e-type=\"container\">\n\t\t\t\t\t<div class=\"e-con-inner\">\n\t\t\t\t<div class=\"elementor-element elementor-element-892b01d elementor-widget-divider--view-line elementor-widget elementor-widget-divider\" data-id=\"892b01d\" data-element_type=\"widget\" data-e-type=\"widget\" data-widget_type=\"divider.default\">\n\t\t\t\t\t\t\t<div class=\"elementor-divider\">\n\t\t\t<span class=\"elementor-divider-separator\">\n\t\t\t\t\t\t<\/span>\n\t\t<\/div>\n\t\t\t\t\t\t<\/div>\n\t\t\t\t\t<\/div>\n\t\t\t\t<\/div>\n\t\t<div class=\"elementor-element elementor-element-05c34e8 e-flex e-con-boxed e-con e-parent\" data-id=\"05c34e8\" data-element_type=\"container\" data-e-type=\"container\">\n\t\t\t\t\t<div class=\"e-con-inner\">\n\t\t\t\t<div class=\"elementor-element elementor-element-a8b0b0c elementor-widget elementor-widget-heading\" data-id=\"a8b0b0c\" data-element_type=\"widget\" data-e-type=\"widget\" data-widget_type=\"heading.default\">\n\t\t\t\t\t<h3 class=\"elementor-heading-title elementor-size-default\">Our Locations<\/h3>\t\t\t\t<\/div>\n\t\t\t\t\t<\/div>\n\t\t\t\t<\/div>\n\t\t<div class=\"elementor-element elementor-element-3922912 e-flex e-con-boxed e-con e-parent\" data-id=\"3922912\" data-element_type=\"container\" data-e-type=\"container\">\n\t\t\t\t\t<div class=\"e-con-inner\">\n\t\t<div class=\"elementor-element elementor-element-f691b2c e-con-full e-flex elementor-invisible e-con e-child\" data-id=\"f691b2c\" data-element_type=\"container\" data-e-type=\"container\" data-settings=\"{&quot;animation&quot;:&quot;fadeIn&quot;,&quot;animation_delay&quot;:100}\">\n\t\t\t\t<div class=\"elementor-element elementor-element-03baddd elementor-widget elementor-widget-text-editor\" data-id=\"03baddd\" data-element_type=\"widget\" data-e-type=\"widget\" data-widget_type=\"text-editor.default\">\n\t\t\t\t\t\t\t\t\t<p>Sultangazi<\/p>\t\t\t\t\t\t\t\t<\/div>\n\t\t\t\t<div class=\"elementor-element elementor-element-e373793 elementor-widget elementor-widget-heading\" data-id=\"e373793\" data-element_type=\"widget\" data-e-type=\"widget\" data-widget_type=\"heading.default\">\n\t\t\t\t\t<h6 class=\"elementor-heading-title elementor-size-default\"><a href=\"https:\/\/maps.app.goo.gl\/3KuLak3eYvXAcrha8\">50th Year, Old Edirne Asf. <br>No:526, 34265 Sultangazi\/Istanbul<\/a><\/h6>\t\t\t\t<\/div>\n\t\t\t\t<div class=\"elementor-element elementor-element-b3fb9d8 elementor-widget elementor-widget-heading\" data-id=\"b3fb9d8\" data-element_type=\"widget\" data-e-type=\"widget\" data-widget_type=\"heading.default\">\n\t\t\t\t\t<div class=\"elementor-heading-title elementor-size-default\">Monday - Friday: 8:00-19:00<br>Saturday 09:00 - 12:00<\/div>\t\t\t\t<\/div>\n\t\t\t\t<div class=\"elementor-element elementor-element-91fafc2 elementor-widget-divider--view-line elementor-widget elementor-widget-divider\" data-id=\"91fafc2\" data-element_type=\"widget\" data-e-type=\"widget\" data-widget_type=\"divider.default\">\n\t\t\t\t\t\t\t<div class=\"elementor-divider\">\n\t\t\t<span class=\"elementor-divider-separator\">\n\t\t\t\t\t\t<\/span>\n\t\t<\/div>\n\t\t\t\t\t\t<\/div>\n\t\t<div class=\"elementor-element elementor-element-71ad4a5 e-con-full e-flex e-con e-child\" data-id=\"71ad4a5\" data-element_type=\"container\" data-e-type=\"container\">\n\t\t\t\t<div class=\"elementor-element elementor-element-cc018d5 elementor-widget elementor-widget-text-editor\" data-id=\"cc018d5\" data-element_type=\"widget\" data-e-type=\"widget\" data-widget_type=\"text-editor.default\">\n\t\t\t\t\t\t\t\t\t<div class=\"eigqqc\">(0212) 594 33 69<\/div>\t\t\t\t\t\t\t\t<\/div>\n\t\t\t\t<div class=\"elementor-element elementor-element-5a7890e elementor-widget elementor-widget-text-editor\" data-id=\"5a7890e\" data-element_type=\"widget\" data-e-type=\"widget\" data-widget_type=\"text-editor.default\">\n\t\t\t\t\t\t\t\t\t<p><span style=\"text-decoration: underline;\"><a style=\"color: #0d0d0d; text-decoration: underline;\" href=\"mailto:info@g\u00fcneyorman.com\">info@g\u00fcneyorman.com<\/a><\/span><\/p>\t\t\t\t\t\t\t\t<\/div>\n\t\t\t\t<\/div>\n\t\t\t\t<\/div>\n\t\t<div class=\"elementor-element elementor-element-fcccc3f e-con-full e-flex elementor-invisible e-con e-child\" data-id=\"fcccc3f\" data-element_type=\"container\" data-e-type=\"container\" data-settings=\"{&quot;animation&quot;:&quot;fadeIn&quot;,&quot;animation_delay&quot;:200}\">\n\t\t\t\t<div class=\"elementor-element elementor-element-62f0bd6 elementor-widget elementor-widget-text-editor\" data-id=\"62f0bd6\" data-element_type=\"widget\" data-e-type=\"widget\" data-widget_type=\"text-editor.default\">\n\t\t\t\t\t\t\t\t\t<p>Harachci \/ Arnavutkoy<\/p>\t\t\t\t\t\t\t\t<\/div>\n\t\t\t\t<div class=\"elementor-element elementor-element-f10cd4d elementor-widget elementor-widget-heading\" data-id=\"f10cd4d\" data-element_type=\"widget\" data-e-type=\"widget\" data-widget_type=\"heading.default\">\n\t\t\t\t\t<h6 class=\"elementor-heading-title elementor-size-default\"><a href=\"https:\/\/maps.app.goo.gl\/LGVHXCh4HDRFpSqc9\">Hac\u0131ma\u015fl\u0131, Hac\u0131ma\u015fl\u0131 Cd. NO:48, 34490 Arnavutk\u00f6y\/Istanbul<\/a><\/h6>\t\t\t\t<\/div>\n\t\t\t\t<div class=\"elementor-element elementor-element-8ccdda3 elementor-widget__width-initial elementor-widget elementor-widget-heading\" data-id=\"8ccdda3\" data-element_type=\"widget\" data-e-type=\"widget\" data-widget_type=\"heading.default\">\n\t\t\t\t\t<div class=\"elementor-heading-title elementor-size-default\">Monday - Friday: 8:00-19:00\nSaturday 09:00 - 12:00<\/div>\t\t\t\t<\/div>\n\t\t\t\t<div class=\"elementor-element elementor-element-3f465c8 elementor-widget-divider--view-line elementor-widget elementor-widget-divider\" data-id=\"3f465c8\" data-element_type=\"widget\" data-e-type=\"widget\" data-widget_type=\"divider.default\">\n\t\t\t\t\t\t\t<div class=\"elementor-divider\">\n\t\t\t<span class=\"elementor-divider-separator\">\n\t\t\t\t\t\t<\/span>\n\t\t<\/div>\n\t\t\t\t\t\t<\/div>\n\t\t<div class=\"elementor-element elementor-element-9bc31e5 e-con-full e-flex e-con e-child\" data-id=\"9bc31e5\" data-element_type=\"container\" data-e-type=\"container\">\n\t\t\t\t<div class=\"elementor-element elementor-element-e635f28 elementor-widget elementor-widget-text-editor\" data-id=\"e635f28\" data-element_type=\"widget\" data-e-type=\"widget\" data-widget_type=\"text-editor.default\">\n\t\t\t\t\t\t\t\t\t<div class=\"eigqqc\">(0212) 617 20 41<\/div>\t\t\t\t\t\t\t\t<\/div>\n\t\t\t\t<div class=\"elementor-element elementor-element-360e8a9 elementor-widget elementor-widget-text-editor\" data-id=\"360e8a9\" data-element_type=\"widget\" data-e-type=\"widget\" data-widget_type=\"text-editor.default\">\n\t\t\t\t\t\t\t\t\t<p><span style=\"text-decoration: underline;\"><a style=\"color: #0d0d0d; text-decoration: underline;\" href=\"mailto:info@g\u00fcneyorman.com\">info@g\u00fcneyorman.com<\/a><\/span><\/p>\t\t\t\t\t\t\t\t<\/div>\n\t\t\t\t<\/div>\n\t\t\t\t<\/div>\n\t\t<div class=\"elementor-element elementor-element-cae4211 e-con-full e-flex elementor-invisible e-con e-child\" data-id=\"cae4211\" data-element_type=\"container\" data-e-type=\"container\" data-settings=\"{&quot;animation&quot;:&quot;fadeIn&quot;,&quot;animation_delay&quot;:300}\">\n\t\t\t\t<div class=\"elementor-element elementor-element-672371b elementor-widget elementor-widget-text-editor\" data-id=\"672371b\" data-element_type=\"widget\" data-e-type=\"widget\" data-widget_type=\"text-editor.default\">\n\t\t\t\t\t\t\t\t\t<p>Deparko\/Basaksehir<\/p>\t\t\t\t\t\t\t\t<\/div>\n\t\t\t\t<div class=\"elementor-element elementor-element-22dcbb1 elementor-widget elementor-widget-heading\" data-id=\"22dcbb1\" data-element_type=\"widget\" data-e-type=\"widget\" data-widget_type=\"heading.default\">\n\t\t\t\t\t<h6 class=\"elementor-heading-title elementor-size-default\"><a href=\"https:\/\/maps.app.goo.gl\/LjPPWLc95pYMrW3X7\">DEPARKO INDUSTRIAL SITE NO:1\/22, 34490 Ba\u015fak\u015fehir\/Istanbul<\/a><\/h6>\t\t\t\t<\/div>\n\t\t\t\t<div class=\"elementor-element elementor-element-706ba06 elementor-widget elementor-widget-heading\" data-id=\"706ba06\" data-element_type=\"widget\" data-e-type=\"widget\" data-widget_type=\"heading.default\">\n\t\t\t\t\t<div class=\"elementor-heading-title elementor-size-default\">Monday - Friday: 8:00-19:00<br>Saturday 09:00 - 12:00<\/div>\t\t\t\t<\/div>\n\t\t\t\t<div class=\"elementor-element elementor-element-a050bfe elementor-widget-divider--view-line elementor-widget elementor-widget-divider\" data-id=\"a050bfe\" data-element_type=\"widget\" data-e-type=\"widget\" data-widget_type=\"divider.default\">\n\t\t\t\t\t\t\t<div class=\"elementor-divider\">\n\t\t\t<span class=\"elementor-divider-separator\">\n\t\t\t\t\t\t<\/span>\n\t\t<\/div>\n\t\t\t\t\t\t<\/div>\n\t\t<div class=\"elementor-element elementor-element-6cee8b7 e-con-full e-flex e-con e-child\" data-id=\"6cee8b7\" data-element_type=\"container\" data-e-type=\"container\">\n\t\t\t\t<div class=\"elementor-element elementor-element-930204b elementor-widget elementor-widget-text-editor\" data-id=\"930204b\" data-element_type=\"widget\" data-e-type=\"widget\" data-widget_type=\"text-editor.default\">\n\t\t\t\t\t\t\t\t\t<div class=\"eigqqc\">0532 545 39 69<\/div>\t\t\t\t\t\t\t\t<\/div>\n\t\t\t\t<div class=\"elementor-element elementor-element-61a3df3 elementor-widget elementor-widget-text-editor\" data-id=\"61a3df3\" data-element_type=\"widget\" data-e-type=\"widget\" data-widget_type=\"text-editor.default\">\n\t\t\t\t\t\t\t\t\t<p><span style=\"text-decoration: underline;\"><a style=\"color: #0d0d0d; text-decoration: underline;\" href=\"mailto:info@g\u00fcneyorman.com\">info@g\u00fcneyorman.com<\/a><\/span><\/p>\t\t\t\t\t\t\t\t<\/div>\n\t\t\t\t<\/div>\n\t\t\t\t<\/div>\n\t\t\t\t\t<\/div>\n\t\t\t\t<\/div>\n\t\t<div class=\"elementor-element elementor-element-a8d4208 e-con-full e-flex e-con e-parent\" data-id=\"a8d4208\" data-element_type=\"container\" data-e-type=\"container\">\n\t\t\t\t<div class=\"elementor-element elementor-element-e8e588e elementor-widget elementor-widget-osm-map-elementor\" data-id=\"e8e588e\" data-element_type=\"widget\" data-e-type=\"widget\" data-widget_type=\"osm-map-elementor.default\">\n\t\t\t\t<div class=\"elementor-widget-container\">\n\t\t\t\t\t<div id=\"osm-map-e8e588e\" \n        class=\"osm-map-container\" \n        data-center=\"41.13903732448,28.722890545066\"><\/div>        <script type=\"text\/javascript\">\n                    <\/script>\n        \t\t\t\t<\/div>\n\t\t\t\t<\/div>\n\t\t\t\t<\/div>\n\t\t\t\t<\/div>","protected":false},"excerpt":{"rendered":"<p>Evinize DairHer\u015fey Hemen \u0130leti\u015fime Ge\u00e7in! Bizi Ziyaret Edin Harita Konumu \u0130.O.S.B. Keresteciler San. Sit. 21.&nbsp; Blok 20. Sk. No: 34-36&nbsp; Ba\u015fak\u015fehir \/ \u0130stanbul \u0130leti\u015fim +90 212 617 20 41 E-mail info@g\u00fcneyorman.com Bizi Takip Edin g\u00fcneyorman g\u00fcneyorman Lokasyonlar\u0131m\u0131z Sultangazi 50. Y\u0131l, Eski Edirne Asf. No:526, 34265 Sultangazi\/\u0130stanbul Pazartesi &#8211; Cuma: 8:00-19:00Cumartesi: 09:00 &#8211; 12:00 (0212) 594 [&hellip;]<\/p>\n","protected":false},"author":1,"featured_media":0,"parent":0,"menu_order":0,"comment_status":"closed","ping_status":"closed","template":"","meta":{"footnotes":""},"class_list":["post-10933","page","type-page","status-publish","hentry"],"_links":{"self":[{"href":"https:\/\/guneyorman.com\/en\/wp-json\/wp\/v2\/pages\/10933","targetHints":{"allow":["GET"]}}],"collection":[{"href":"https:\/\/guneyorman.com\/en\/wp-json\/wp\/v2\/pages"}],"about":[{"href":"https:\/\/guneyorman.com\/en\/wp-json\/wp\/v2\/types\/page"}],"author":[{"embeddable":true,"href":"https:\/\/guneyorman.com\/en\/wp-json\/wp\/v2\/users\/1"}],"replies":[{"embeddable":true,"href":"https:\/\/guneyorman.com\/en\/wp-json\/wp\/v2\/comments?post=10933"}],"version-history":[{"count":38,"href":"https:\/\/guneyorman.com\/en\/wp-json\/wp\/v2\/pages\/10933\/revisions"}],"predecessor-version":[{"id":12276,"href":"https:\/\/guneyorman.com\/en\/wp-json\/wp\/v2\/pages\/10933\/revisions\/12276"}],"wp:attachment":[{"href":"https:\/\/guneyorman.com\/en\/wp-json\/wp\/v2\/media?parent=10933"}],"curies":[{"name":"wp","href":"https:\/\/api.w.org\/{rel}","templated":true}]}}