{"id":12141,"date":"2025-10-03T19:29:24","date_gmt":"2025-10-03T16:29:24","guid":{"rendered":"https:\/\/guneyorman.com\/?page_id=12141"},"modified":"2025-10-03T19:29:25","modified_gmt":"2025-10-03T16:29:25","slug":"mutfaklarda-yeni-nesil-fonksiyonel-cozumler-teknoloji-ve-tasarimin-bulusmasi","status":"publish","type":"page","link":"https:\/\/guneyorman.com\/en\/mutfaklarda-yeni-nesil-fonksiyonel-cozumler-teknoloji-ve-tasarimin-bulusmasi\/","title":{"rendered":"Mutfaklarda Yeni Nesil Fonksiyonel \u00c7\u00f6z\u00fcmler: Teknoloji ve Tasar\u0131m\u0131n Bulu\u015fmas\u0131"},"content":{"rendered":"<p>Mutfaklar art\u0131k yaln\u0131zca yemek haz\u0131rlanan alanlar de\u011fil; evin en sosyal, en \u00e7ok vakit ge\u00e7irilen ve estetik a\u00e7\u0131dan en dikkat \u00e7ekilen b\u00f6l\u00fcmlerinden biri. Bu nedenle yeni nesil mutfak \u00e7\u00f6z\u00fcmleri, tasar\u0131mda <strong>\u015f\u0131kl\u0131\u011f\u0131 ve fonksiyonelli\u011fi<\/strong> bir arada sunmay\u0131 hedefliyor.<\/p>\n\n\n\n<figure class=\"wp-block-embed is-type-video is-provider-youtube wp-block-embed-youtube wp-embed-aspect-16-9 wp-has-aspect-ratio\"><div class=\"wp-block-embed__wrapper\">\n<iframe title=\"H\u00e4fele Concept Project - Berlin Koleksiyonu\" width=\"500\" height=\"281\" src=\"https:\/\/www.youtube.com\/embed\/oLxXVWDc9Ak?feature=oembed\" frameborder=\"0\" allow=\"accelerometer; autoplay; clipboard-write; encrypted-media; gyroscope; picture-in-picture; web-share\" referrerpolicy=\"strict-origin-when-cross-origin\" allowfullscreen><\/iframe>\n<\/div><\/figure>\n\n\n\n<p><strong>Ak\u0131ll\u0131 depolama sistemleri, yerden tasarruf sa\u011flayan mekanizmalar, gizli kulp \u00e7\u00f6z\u00fcmleri ve ergonomik d\u00fczenlemeler<\/strong>, modern mutfaklarda vazge\u00e7ilmez hale geldi. Ayn\u0131 zamanda kullan\u0131lan malzemelerin <strong>dayan\u0131kl\u0131, \u00e7evre dostu ve s\u00fcrd\u00fcr\u00fclebilir<\/strong> olmas\u0131 da giderek daha fazla \u00f6nem kazan\u0131yor. Bu e\u011filim, kullan\u0131c\u0131lar\u0131n mutfaklar\u0131n\u0131 yaln\u0131zca estetik de\u011fil ayn\u0131 zamanda uzun vadede de\u011ferli bir yat\u0131r\u0131m olarak g\u00f6rmelerini sa\u011fl\u0131yor.<\/p>\n\n\n\n<p>G\u00fcney Orman \u00dcr\u00fcnleri, <strong>H\u00e4fele ve Samet<\/strong> gibi global markalar\u0131n yenilik\u00e7i \u00e7\u00f6z\u00fcmlerini m\u00fc\u015fterilerine sunarak, mutfaklar\u0131 yaln\u0131zca i\u015flevsel de\u011fil ayn\u0131 zamanda \u015f\u0131k bir ya\u015fam alan\u0131na d\u00f6n\u00fc\u015ft\u00fcr\u00fcyor. Dayan\u0131kl\u0131 y\u00fczey panelleri, modern kulplar, fonksiyonel ray sistemleri ve depolama \u00e7\u00f6z\u00fcmleriyle mutfaklarda fark yaratan bir kalite sunuyoruz.<\/p>\n\n\n\n<figure class=\"wp-block-embed is-type-video is-provider-youtube wp-block-embed-youtube wp-embed-aspect-16-9 wp-has-aspect-ratio\"><div class=\"wp-block-embed__wrapper\">\n<iframe title=\"H\u00e4fele Concept - Monaco Koleksiyonu\" width=\"500\" height=\"281\" src=\"https:\/\/www.youtube.com\/embed\/j7hEOqBuWjI?feature=oembed\" frameborder=\"0\" allow=\"accelerometer; autoplay; clipboard-write; encrypted-media; gyroscope; picture-in-picture; web-share\" referrerpolicy=\"strict-origin-when-cross-origin\" allowfullscreen><\/iframe>\n<\/div><\/figure>\n\n\n\n<p>\ud83d\udc49 Siz de mutfa\u011f\u0131n\u0131z\u0131 hem i\u015flevsel hem de estetik a\u00e7\u0131dan g\u00fc\u00e7l\u00fc bir alana d\u00f6n\u00fc\u015ft\u00fcrmek istiyorsan\u0131z, G\u00fcney Orman\u2019\u0131n geni\u015f \u00fcr\u00fcn yelpazesini ke\u015ffedin. \u0130htiyac\u0131n\u0131za uygun en iyi \u00e7\u00f6z\u00fcmler i\u00e7in bizimle ileti\u015fime ge\u00e7ebilirsiniz.<\/p>\n\n\n\n<blockquote class=\"wp-block-quote is-layout-flow wp-block-quote-is-layout-flow\"><\/blockquote>","protected":false},"excerpt":{"rendered":"<p>Mutfaklar art\u0131k yaln\u0131zca yemek haz\u0131rlanan alanlar de\u011fil; evin en sosyal, en \u00e7ok vakit ge\u00e7irilen ve estetik a\u00e7\u0131dan en dikkat \u00e7ekilen b\u00f6l\u00fcmlerinden biri. Bu nedenle yeni nesil mutfak \u00e7\u00f6z\u00fcmleri, tasar\u0131mda \u015f\u0131kl\u0131\u011f\u0131 ve fonksiyonelli\u011fi bir arada sunmay\u0131 hedefliyor. Ak\u0131ll\u0131 depolama sistemleri, yerden tasarruf sa\u011flayan mekanizmalar, gizli kulp \u00e7\u00f6z\u00fcmleri ve ergonomik d\u00fczenlemeler, modern mutfaklarda vazge\u00e7ilmez hale geldi. Ayn\u0131 [&hellip;]<\/p>\n","protected":false},"author":1,"featured_media":0,"parent":0,"menu_order":0,"comment_status":"closed","ping_status":"closed","template":"","meta":{"footnotes":""},"class_list":["post-12141","page","type-page","status-publish","hentry"],"_links":{"self":[{"href":"https:\/\/guneyorman.com\/en\/wp-json\/wp\/v2\/pages\/12141","targetHints":{"allow":["GET"]}}],"collection":[{"href":"https:\/\/guneyorman.com\/en\/wp-json\/wp\/v2\/pages"}],"about":[{"href":"https:\/\/guneyorman.com\/en\/wp-json\/wp\/v2\/types\/page"}],"author":[{"embeddable":true,"href":"https:\/\/guneyorman.com\/en\/wp-json\/wp\/v2\/users\/1"}],"replies":[{"embeddable":true,"href":"https:\/\/guneyorman.com\/en\/wp-json\/wp\/v2\/comments?post=12141"}],"version-history":[{"count":1,"href":"https:\/\/guneyorman.com\/en\/wp-json\/wp\/v2\/pages\/12141\/revisions"}],"predecessor-version":[{"id":12142,"href":"https:\/\/guneyorman.com\/en\/wp-json\/wp\/v2\/pages\/12141\/revisions\/12142"}],"wp:attachment":[{"href":"https:\/\/guneyorman.com\/en\/wp-json\/wp\/v2\/media?parent=12141"}],"curies":[{"name":"wp","href":"https:\/\/api.w.org\/{rel}","templated":true}]}}