{"id":12201,"date":"2025-10-03T22:45:10","date_gmt":"2025-10-03T19:45:10","guid":{"rendered":"https:\/\/guneyorman.com\/?page_id=12201"},"modified":"2025-10-03T22:45:11","modified_gmt":"2025-10-03T19:45:11","slug":"kullanim-sartlari-ve-gizlilik-politikasi","status":"publish","type":"page","link":"https:\/\/guneyorman.com\/en\/kullanim-sartlari-ve-gizlilik-politikasi\/","title":{"rendered":"Kullan\u0131m \u015eartlar\u0131 ve Gizlilik Politikas\u0131"},"content":{"rendered":"<p><\/p>\n\n\n\n<p>G\u00fcney Orman \u00dcr\u00fcnleri indirimleri \/ indirim kampanyalar\u0131, se\u00e7ili \u00fcr\u00fcnlerde ge\u00e7erli olup stoklarla s\u0131n\u0131rl\u0131d\u0131r. Kampanyalar yaln\u0131zca <strong><a>https:\/\/g\u00fcneyorman.com.<\/a><\/strong> adresinde ge\u00e7erlidir. <strong>South Forest Products<\/strong>, kampanya ve kampanya ko\u015fullar\u0131nda de\u011fi\u015fiklik yapma hakk\u0131n\u0131 sakl\u0131 tutar.<\/p>\n\n\n\n<p><strong>G\u00fcney Orman \u00dcr\u00fcnleri Sanayi ve Ticaret A.\u015e.<\/strong> (\u201cG\u00fcney Orman \u00dcr\u00fcnleri\u201d), i\u015fbu Kullan\u0131m \u015eartlar\u0131 ve Gizlilik Politikas\u0131 da dahil olmak \u00fczere, Web Sitesi ve uzant\u0131lar\u0131nda yer alan herhangi bir bilgiyi \u00f6nceden bildirim yapmaks\u0131z\u0131n tamamen kendi takdirinde de\u011fi\u015ftirme, bilgi ekleme\/\u00e7\u0131karma, Web Sitesini yenileme, geli\u015ftirme veya teknik nedenlerle ge\u00e7ici olarak ask\u0131ya alma ya da tamamen durdurma hakk\u0131n\u0131 sakl\u0131 tutar. Web Sitesinde yap\u0131lan herhangi bir de\u011fi\u015fiklik, yay\u0131na al\u0131nd\u0131\u011f\u0131 an itibariyle y\u00fcr\u00fcrl\u00fc\u011fe girmi\u015f kabul edilir. Bu nedenle Web Sitesini ziyaret eden t\u00fcm kullan\u0131c\u0131lar\u0131n, Kullan\u0131m \u015eartlar\u0131 ve Gizlilik Politikas\u0131\u2019n\u0131 d\u00fczenli olarak incelemesi tavsiye edilir.<\/p>\n\n\n\n<p>\u0130\u015fbu Kullan\u0131m \u015eartlar\u0131 ve Gizlilik Politikas\u0131\u2019nda ge\u00e7en \u201cSiz\u201d veya \u201cKullan\u0131c\u0131\u201d ifadesi, Site\u2019yi herhangi bir ama\u00e7la kullanan t\u00fcm ger\u00e7ek ve\/veya t\u00fczel ki\u015fileri ifade eder.<\/p>\n\n\n\n<p>Web Sitesinde yer alan t\u00fcm bilgi, g\u00f6rsel, metin, veri, katalog, \u00fcr\u00fcn a\u00e7\u0131klamalar\u0131, tasar\u0131mlar, marka logolar\u0131 ve sair i\u00e7erikler <strong>South Forest Products<\/strong>\u2019ne aittir. Bu i\u00e7eriklerin k\u0131smen veya tamamen; kopyalanmas\u0131, \u00e7o\u011falt\u0131lmas\u0131, ticari ama\u00e7la kullan\u0131lmas\u0131, da\u011f\u0131t\u0131lmas\u0131, \u00fc\u00e7\u00fcnc\u00fc ki\u015filerin kullan\u0131m\u0131na sunulmas\u0131 veya \u00fczerinde de\u011fi\u015fiklik yap\u0131lmas\u0131 <strong>G\u00fcney Orman \u00dcr\u00fcnleri\u2019nin yaz\u0131l\u0131 izni olmaks\u0131z\u0131n kesinlikle yasakt\u0131r<\/strong>. Aksi durumlarda t\u00fcm hukuki ve mali sorumluluk kullan\u0131c\u0131ya aittir.<\/p>\n\n\n\n<p>Kullan\u0131c\u0131, Site\u2019yi kullan\u0131rken y\u00fcr\u00fcrl\u00fckteki t\u00fcm mevzuat h\u00fck\u00fcmlerine ve G\u00fcney Orman \u00dcr\u00fcnleri taraf\u0131ndan yay\u0131nlanan t\u00fcm kural ve bildirimlere uymay\u0131 kabul eder. Site\u2019nin herhangi bir b\u00f6l\u00fcm\u00fc ya da g\u00fcvenlik \u00f6nlemi yasa d\u0131\u015f\u0131 yollarla ihlal edilemez. Bu t\u00fcr giri\u015fimlerde bulunan kullan\u0131c\u0131lar\u0131n Site\u2019ye eri\u015fimleri, G\u00fcney Orman \u00dcr\u00fcnleri taraf\u0131ndan bildirim yap\u0131lmaks\u0131z\u0131n engellenebilir.<\/p>\n\n\n\n<p>G\u00fcney Orman \u00dcr\u00fcnleri, Web Sitesinde yer alan bilgilerin do\u011frulu\u011fu, eksiksizli\u011fi, g\u00fcncelli\u011fi ve kesintisizli\u011fi konusunda herhangi bir garanti vermez.<\/p>\n\n\n\n<p>Web sitemizde g\u00fcvenli al\u0131\u015fveri\u015f i\u00e7in <strong>128bit SSL g\u00fcvenlik protokol\u00fc<\/strong> kullan\u0131lmakta olup, kullan\u0131c\u0131lar\u0131n \u00f6deme s\u0131ras\u0131nda girdi\u011fi bilgiler \u015fifrelenerek korunmaktad\u0131r. Ancak kullan\u0131c\u0131, nihai g\u00fcvenli\u011fi sa\u011flamak ad\u0131na kendi bilgisayar\u0131nda\/cihaz\u0131nda gerekli koruma yaz\u0131l\u0131mlar\u0131n\u0131 temin etmekle y\u00fck\u00fcml\u00fcd\u00fcr.<\/p>\n\n\n\n<p>Web Sitemiz, \u00fc\u00e7\u00fcnc\u00fc taraf sitelere ba\u011flant\u0131lar i\u00e7erebilir. Bu siteler \u00fczerinde G\u00fcney Orman \u00dcr\u00fcnleri\u2019nin herhangi bir kontrol\u00fc bulunmamaktad\u0131r. Bu nedenle \u00fc\u00e7\u00fcnc\u00fc taraf sitelerde yer alan i\u00e7erik, hizmet ve uygulamalardan G\u00fcney Orman \u00dcr\u00fcnleri sorumlu tutulamaz.<\/p>\n\n\n\n<p>\u0130\u015fbu Kullan\u0131m \u015eartlar\u0131 ve Gizlilik Politikas\u0131, <strong>T\u00fcrkiye Cumhuriyeti kanunlar\u0131na tabi<\/strong> olup; Site\u2019nin kullan\u0131m\u0131ndan do\u011fabilecek uyu\u015fmazl\u0131klarda <strong>\u0130stanbul Mahkemeleri ve \u0130cra Daireleri<\/strong> yetkilidir.<\/p>\n\n\n\n<p>G\u00f6r\u00fc\u015f, \u00f6neri ve sorular\u0131n\u0131z i\u00e7in bizimle ileti\u015fime ge\u00e7ebilirsiniz:<\/p>","protected":false},"excerpt":{"rendered":"<p>G\u00fcney Orman \u00dcr\u00fcnleri indirimleri \/ indirim kampanyalar\u0131, se\u00e7ili \u00fcr\u00fcnlerde ge\u00e7erli olup stoklarla s\u0131n\u0131rl\u0131d\u0131r. Kampanyalar yaln\u0131zca https:\/\/g\u00fcneyorman.com. adresinde ge\u00e7erlidir. G\u00fcney Orman \u00dcr\u00fcnleri, kampanya ve kampanya ko\u015fullar\u0131nda de\u011fi\u015fiklik yapma hakk\u0131n\u0131 sakl\u0131 tutar. G\u00fcney Orman \u00dcr\u00fcnleri Sanayi ve Ticaret A.\u015e. (\u201cG\u00fcney Orman \u00dcr\u00fcnleri\u201d), i\u015fbu Kullan\u0131m \u015eartlar\u0131 ve Gizlilik Politikas\u0131 da dahil olmak \u00fczere, Web Sitesi ve uzant\u0131lar\u0131nda yer [&hellip;]<\/p>\n","protected":false},"author":1,"featured_media":0,"parent":0,"menu_order":0,"comment_status":"closed","ping_status":"closed","template":"","meta":{"footnotes":""},"class_list":["post-12201","page","type-page","status-publish","hentry"],"_links":{"self":[{"href":"https:\/\/guneyorman.com\/en\/wp-json\/wp\/v2\/pages\/12201","targetHints":{"allow":["GET"]}}],"collection":[{"href":"https:\/\/guneyorman.com\/en\/wp-json\/wp\/v2\/pages"}],"about":[{"href":"https:\/\/guneyorman.com\/en\/wp-json\/wp\/v2\/types\/page"}],"author":[{"embeddable":true,"href":"https:\/\/guneyorman.com\/en\/wp-json\/wp\/v2\/users\/1"}],"replies":[{"embeddable":true,"href":"https:\/\/guneyorman.com\/en\/wp-json\/wp\/v2\/comments?post=12201"}],"version-history":[{"count":1,"href":"https:\/\/guneyorman.com\/en\/wp-json\/wp\/v2\/pages\/12201\/revisions"}],"predecessor-version":[{"id":12202,"href":"https:\/\/guneyorman.com\/en\/wp-json\/wp\/v2\/pages\/12201\/revisions\/12202"}],"wp:attachment":[{"href":"https:\/\/guneyorman.com\/en\/wp-json\/wp\/v2\/media?parent=12201"}],"curies":[{"name":"wp","href":"https:\/\/api.w.org\/{rel}","templated":true}]}}