{"id":12204,"date":"2025-10-03T22:49:02","date_gmt":"2025-10-03T19:49:02","guid":{"rendered":"https:\/\/guneyorman.com\/?page_id=12204"},"modified":"2025-10-03T22:49:03","modified_gmt":"2025-10-03T19:49:03","slug":"cerez-politikasi","status":"publish","type":"page","link":"https:\/\/guneyorman.com\/en\/cerez-politikasi\/","title":{"rendered":"Cookie Policy"},"content":{"rendered":"<p><\/p>\n\n\n\n<p>\u00c7erezler, pikseller, gifler gibi takip teknolojileri (\u201c\u00c7erezler\u201d), web sitemizi ziyaret etti\u011finizde veya mobil uygulamalar\u0131m\u0131z\u0131 kulland\u0131\u011f\u0131n\u0131zda bilgisayar, tablet veya telefon gibi cihazlar\u0131n\u0131za yerle\u015ftirilen k\u00fc\u00e7\u00fck dosyalard\u0131r. \u00c7erezler sayesinde web sitemiz cihaz\u0131n\u0131z\u0131 tan\u0131r; dil tercihlerinizi, kaydedilmi\u015f kullan\u0131c\u0131 ad\u0131\/\u015fifrelerinizi veya al\u0131\u015fveri\u015f sepetinizde yer alan \u00fcr\u00fcnleri hat\u0131rlayabilir. Ayr\u0131ca site \u00fczerindeki trafi\u011fi y\u00f6netebilir, ziyaret\u00e7i say\u0131s\u0131n\u0131 analiz edebilir ve size daha iyi bir kullan\u0131c\u0131 deneyimi sunabiliriz. Tercih etmeniz halinde, internet kullan\u0131m\u0131n\u0131z s\u0131ras\u0131nda g\u00f6r\u00fcnt\u00fcledi\u011finiz reklamlar\u0131 ki\u015fiselle\u015ftirmemize de yard\u0131mc\u0131 olur.<\/p>\n\n\n\n<hr class=\"wp-block-separator has-alpha-channel-opacity\"\/>\n\n\n\n<h2 class=\"wp-block-heading\"><strong>1. Veri Sorumlusu<\/strong><\/h2>\n\n\n\n<p><strong>G\u00fcney Orman \u00dcr\u00fcnleri Sanayi ve Ticaret A.\u015e.<\/strong> (\u201c\u015eirket\u201d), <a>https:\/\/g\u00fcneyorman.com<\/a> (\u201cPlatform\u201d) \u00fczerinde kullan\u0131lan \u00e7erezlere ili\u015fkin olarak, 6698 say\u0131l\u0131 Ki\u015fisel Verilerin Korunmas\u0131 Kanunu (\u201cKanun\u201d) kapsam\u0131nda <strong>veri sorumlusu<\/strong> s\u0131fat\u0131yla hareket etmektedir.<\/p>\n\n\n\n<hr class=\"wp-block-separator has-alpha-channel-opacity\"\/>\n\n\n\n<h2 class=\"wp-block-heading\"><strong>2. Ki\u015fisel Verilerinizin \u0130\u015flenme Amac\u0131 ve Dayan\u0131lan Veri \u0130\u015fleme \u015eartlar\u0131<\/strong><\/h2>\n\n\n\n<p>Platform \u00fczerinde farkl\u0131 ama\u00e7larla \u00e7erezler kullan\u0131lmaktad\u0131r. Kullan\u0131lan \u00e7erezin t\u00fcr\u00fcne g\u00f6re i\u015fleme ama\u00e7lar\u0131 ve dayand\u0131\u011f\u0131m\u0131z veri i\u015fleme \u015fart\u0131 de\u011fi\u015febilmektedir.<\/p>\n\n\n\n<h3 class=\"wp-block-heading\"><strong>Zorunlu \u00c7erezler<\/strong><\/h3>\n\n\n\n<p>Platform\u2019un do\u011fru ve g\u00fcvenli \u015fekilde \u00e7al\u0131\u015fabilmesi i\u00e7in gerekli olan \u00e7erezlerdir.<br>\u27a1 Dayanak: Kanun m.5 \u2013 \u201cBir s\u00f6zle\u015fmenin kurulmas\u0131 veya ifas\u0131yla do\u011frudan ilgili olmas\u0131.\u201d<\/p>\n\n\n\n<h3 class=\"wp-block-heading\"><strong>Performans ve Analitik \u00c7erezleri<\/strong><\/h3>\n\n\n\n<p>Ziyaret\u00e7i say\u0131s\u0131, site trafi\u011fi ve kullan\u0131m al\u0131\u015fkanl\u0131klar\u0131n\u0131 analiz etmemize yard\u0131mc\u0131 olur.<br>\u27a1 Dayanak: Kanun m.5 \u2013 \u201cVeri sorumlusunun me\u015fru menfaati.\u201d<\/p>\n\n\n\n<h3 class=\"wp-block-heading\"><strong>\u0130\u015flevsellik \u00c7erezleri<\/strong><\/h3>\n\n\n\n<p>Dil tercihleri, oturum ayarlar\u0131 gibi kullan\u0131c\u0131 deneyimini geli\u015ftiren tercihlerin hat\u0131rlanmas\u0131n\u0131 sa\u011flar.<br>\u27a1 Dayanak: Kanun m.5 \u2013 \u201cVeri sorumlusunun me\u015fru menfaati.\u201d<\/p>\n\n\n\n<h3 class=\"wp-block-heading\"><strong>Ki\u015fiselle\u015ftirilmi\u015f Reklam \u00c7erezleri<\/strong><\/h3>\n\n\n\n<p>Ziyaret ge\u00e7mi\u015finize uygun reklam ve tan\u0131t\u0131mlar\u0131n g\u00f6sterilmesi i\u00e7in kullan\u0131l\u0131r.<br>\u27a1 Dayanak: Kanun m.5 \u2013 \u201cA\u00e7\u0131k r\u0131zan\u0131z.\u201d<\/p>\n\n\n\n<p>Platform\u2019da hem <strong>birinci parti \u00e7erezler<\/strong> (guyor.com.tr taraf\u0131ndan yerle\u015ftirilen) hem de <strong>\u00fc\u00e7\u00fcnc\u00fc parti \u00e7erezler<\/strong> (\u00f6rne\u011fin Google, Facebook gibi sa\u011flay\u0131c\u0131lar taraf\u0131ndan yerle\u015ftirilen) kullan\u0131labilmektedir.<\/p>\n\n\n\n<hr class=\"wp-block-separator has-alpha-channel-opacity\"\/>\n\n\n\n<h2 class=\"wp-block-heading\"><strong>3. Ki\u015fisel Verilerinizin Aktar\u0131ld\u0131\u011f\u0131 Taraflar ve Ama\u00e7lar\u0131<\/strong><\/h2>\n\n\n\n<p>Ki\u015fisel verileriniz; yukar\u0131da belirtilen ama\u00e7larla s\u0131n\u0131rl\u0131 olarak tedarik\u00e7ilerimize, kanunen yetkili kamu kurumlar\u0131na ve \u00f6zel ki\u015filere aktar\u0131labilmektedir. A\u00e7\u0131k r\u0131zan\u0131z bulunmas\u0131 halinde Google INC, Meta (Facebook) INC, Hotjar, Criteo gibi yurtd\u0131\u015f\u0131nda mukim hizmet sa\u011flay\u0131c\u0131larla da payla\u015f\u0131labilmektedir.<\/p>\n\n\n\n<hr class=\"wp-block-separator has-alpha-channel-opacity\"\/>\n\n\n\n<h2 class=\"wp-block-heading\"><strong>4. Ki\u015fisel Verilerinizin Toplanma Y\u00f6ntemi ve Hukuki Sebebi<\/strong><\/h2>\n\n\n\n<p>Verileriniz, elektronik ortamda \u00e7erezler vas\u0131tas\u0131yla toplanmaktad\u0131r. \u0130\u015fleme \u015fartlar\u0131:<\/p>\n\n\n\n<ul class=\"wp-block-list\">\n<li>S\u00f6zle\u015fmenin kurulmas\u0131 veya ifas\u0131,<\/li>\n\n\n\n<li>Veri sorumlusunun me\u015fru menfaati,<\/li>\n\n\n\n<li>A\u00e7\u0131k r\u0131zan\u0131z.<\/li>\n<\/ul>\n\n\n\n<hr class=\"wp-block-separator has-alpha-channel-opacity\"\/>\n\n\n\n<h2 class=\"wp-block-heading\"><strong>5. Ki\u015fisel Veri Sahibi Olarak Haklar\u0131n\u0131z<\/strong><\/h2>\n\n\n\n<p>Kanun\u2019un 11. maddesi uyar\u0131nca sahip oldu\u011funuz haklar:<\/p>\n\n\n\n<ul class=\"wp-block-list\">\n<li>Ki\u015fisel verilerinizin i\u015flenip i\u015flenmedi\u011fini \u00f6\u011frenme,<\/li>\n\n\n\n<li>\u0130\u015flenmi\u015fse buna ili\u015fkin bilgi talep etme,<\/li>\n\n\n\n<li>Ama\u00e7lara uygun kullan\u0131l\u0131p kullan\u0131lmad\u0131\u011f\u0131n\u0131 \u00f6\u011frenme,<\/li>\n\n\n\n<li>Yurt i\u00e7i\/yurt d\u0131\u015f\u0131ndaki \u00fc\u00e7\u00fcnc\u00fc ki\u015fileri bilme,<\/li>\n\n\n\n<li>Eksik\/yanl\u0131\u015f i\u015flenmi\u015fse d\u00fczeltilmesini isteme,<\/li>\n\n\n\n<li>\u0130\u015flenmesini gerektiren sebeplerin ortadan kalkmas\u0131 halinde silinmesini\/yok edilmesini isteme,<\/li>\n\n\n\n<li>Otomatik sistemler ile analiz edilmesi sonucunda aleyhinize bir durum \u00e7\u0131karsa itiraz etme,<\/li>\n\n\n\n<li>Kanuna ayk\u0131r\u0131 i\u015flenmesi sebebiyle zarara u\u011framan\u0131z h\u00e2linde tazminat talep etme.<\/li>\n<\/ul>\n\n\n\n<p>Ba\u015fvurular\u0131n\u0131z\u0131 mevzuatta \u00f6ng\u00f6r\u00fclen yollarla \u015eirketimize iletebilirsiniz. Talepleriniz en ge\u00e7 30 g\u00fcn i\u00e7inde \u00fccretsiz olarak sonu\u00e7land\u0131r\u0131lacakt\u0131r (maliyet do\u011furmas\u0131 halinde KVKK taraf\u0131ndan belirlenen tarife uygulan\u0131r).<\/p>\n\n\n\n<hr class=\"wp-block-separator has-alpha-channel-opacity\"\/>\n\n\n\n<hr class=\"wp-block-separator has-alpha-channel-opacity\"\/>","protected":false},"excerpt":{"rendered":"<p>\u00c7erezler, pikseller, gifler gibi takip teknolojileri (\u201c\u00c7erezler\u201d), web sitemizi ziyaret etti\u011finizde veya mobil uygulamalar\u0131m\u0131z\u0131 kulland\u0131\u011f\u0131n\u0131zda bilgisayar, tablet veya telefon gibi cihazlar\u0131n\u0131za yerle\u015ftirilen k\u00fc\u00e7\u00fck dosyalard\u0131r. \u00c7erezler sayesinde web sitemiz cihaz\u0131n\u0131z\u0131 tan\u0131r; dil tercihlerinizi, kaydedilmi\u015f kullan\u0131c\u0131 ad\u0131\/\u015fifrelerinizi veya al\u0131\u015fveri\u015f sepetinizde yer alan \u00fcr\u00fcnleri hat\u0131rlayabilir. Ayr\u0131ca site \u00fczerindeki trafi\u011fi y\u00f6netebilir, ziyaret\u00e7i say\u0131s\u0131n\u0131 analiz edebilir ve size daha iyi [&hellip;]<\/p>\n","protected":false},"author":1,"featured_media":0,"parent":0,"menu_order":0,"comment_status":"closed","ping_status":"closed","template":"","meta":{"footnotes":""},"class_list":["post-12204","page","type-page","status-publish","hentry"],"_links":{"self":[{"href":"https:\/\/guneyorman.com\/en\/wp-json\/wp\/v2\/pages\/12204","targetHints":{"allow":["GET"]}}],"collection":[{"href":"https:\/\/guneyorman.com\/en\/wp-json\/wp\/v2\/pages"}],"about":[{"href":"https:\/\/guneyorman.com\/en\/wp-json\/wp\/v2\/types\/page"}],"author":[{"embeddable":true,"href":"https:\/\/guneyorman.com\/en\/wp-json\/wp\/v2\/users\/1"}],"replies":[{"embeddable":true,"href":"https:\/\/guneyorman.com\/en\/wp-json\/wp\/v2\/comments?post=12204"}],"version-history":[{"count":1,"href":"https:\/\/guneyorman.com\/en\/wp-json\/wp\/v2\/pages\/12204\/revisions"}],"predecessor-version":[{"id":12205,"href":"https:\/\/guneyorman.com\/en\/wp-json\/wp\/v2\/pages\/12204\/revisions\/12205"}],"wp:attachment":[{"href":"https:\/\/guneyorman.com\/en\/wp-json\/wp\/v2\/media?parent=12204"}],"curies":[{"name":"wp","href":"https:\/\/api.w.org\/{rel}","templated":true}]}}