{"id":12208,"date":"2025-10-03T22:55:06","date_gmt":"2025-10-03T19:55:06","guid":{"rendered":"https:\/\/guneyorman.com\/?page_id=12208"},"modified":"2025-10-03T22:55:06","modified_gmt":"2025-10-03T19:55:06","slug":"acik-riza-metni","status":"publish","type":"page","link":"https:\/\/guneyorman.com\/en\/acik-riza-metni\/","title":{"rendered":"A\u00c7IK RIZA METN\u0130"},"content":{"rendered":"\n<p><\/p>\n\n\n\n<p>Bu belgeyi onaylamakla, <strong>G\u00dcNEY ORMAN \u00dcR\u00dcNLER\u0130 Sanayi ve Ticaret A.\u015e.<\/strong> (\u201cG\u00dcNEY ORMAN \u00dcR\u00dcNLER\u0130\u201d) taraf\u0131ndan kampanyalar, ara\u015ft\u0131rmalar, anketler, bilgilendirme, pazarlama ba\u015fl\u0131klar\u0131 alt\u0131nda sunulan f\u0131rsatlar ve hizmetlerden yararlanabilme amac\u0131yla taraf\u0131n\u0131zca a\u00e7\u0131k veya \u00f6rt\u00fcl\u00fc olarak verilen ve\/veya daha \u00f6nceden verilmi\u015f olan ki\u015fisel bilgilerin (\u00f6zel nitelikli ki\u015fisel veriler de dahil olmak \u00fczere), G\u00dcNEY ORMAN \u00dcR\u00dcNLER\u0130 taraf\u0131ndan toplanmas\u0131na, i\u015flenmesine, saklanmas\u0131na, kullan\u0131lmas\u0131na, analiz edilmesine, raporlanmas\u0131na ve ayn\u0131 ama\u00e7lara y\u00f6nelik olarak a\u015fa\u011f\u0131da belirtilen T\u00fcrkiye\u2019deki ve yurt d\u0131\u015f\u0131ndaki \u00fc\u00e7\u00fcnc\u00fc ki\u015filere aktar\u0131lmas\u0131na\/payla\u015f\u0131lmas\u0131na (birlikte \u201c\u0130\u015flenme\u201d olarak an\u0131lacakt\u0131r), 6698 say\u0131l\u0131 Ki\u015fisel Verilerin Korunmas\u0131 Kanunu (\u201c6698 Say\u0131l\u0131 Kanun\u201d) uyar\u0131nca muvafakat etmi\u015f ve a\u00e7\u0131k r\u0131za vermi\u015f bulunmaktas\u0131n\u0131z.<\/p>\n\n\n\n<p>6698 Say\u0131l\u0131 Kanun\u2019un 10. ve 11. maddeleri kapsam\u0131nda;<\/p>\n\n\n\n<ul class=\"wp-block-list\">\n<li>Ki\u015fisel verilerinizin i\u015flenip i\u015flenmedi\u011fini \u00f6\u011frenme,<\/li>\n\n\n\n<li>\u0130\u015flenmi\u015fse buna ili\u015fkin bilgi talep etme,<\/li>\n\n\n\n<li>\u0130\u015flenme amac\u0131n\u0131 ve bunlar\u0131n amac\u0131na uygun kullan\u0131l\u0131p kullan\u0131lmad\u0131\u011f\u0131n\u0131 \u00f6\u011frenme,<\/li>\n\n\n\n<li>Yurt i\u00e7inde veya yurt d\u0131\u015f\u0131nda ki\u015fisel verilerinizin aktar\u0131ld\u0131\u011f\u0131 \u00fc\u00e7\u00fcnc\u00fc ki\u015fileri bilme,<\/li>\n\n\n\n<li>Ki\u015fisel verilerinizin eksik veya yanl\u0131\u015f i\u015flenmi\u015f olmas\u0131 h\u00e2linde bunlar\u0131n d\u00fczeltilmesini isteme,<\/li>\n\n\n\n<li>Mevzuatta \u00f6ng\u00f6r\u00fclen \u015fartlar \u00e7er\u00e7evesinde ki\u015fisel verilerinizin silinmesini veya yok edilmesini isteme,<\/li>\n\n\n\n<li>D\u00fczeltilmesi, silinmesi veya yok edilmesi hususlar\u0131na dair ki\u015fisel verilerinizin aktar\u0131ld\u0131\u011f\u0131 \u00fc\u00e7\u00fcnc\u00fc ki\u015filere bildirilmesini isteme,<\/li>\n\n\n\n<li>\u0130\u015flenen verilerinizin m\u00fcnhas\u0131ran otomatik sistemler vas\u0131tas\u0131yla analiz edilmesi suretiyle ki\u015finin kendisi aleyhine bir sonucun ortaya \u00e7\u0131kmas\u0131na itiraz etme,<\/li>\n\n\n\n<li>Kanuna ayk\u0131r\u0131 olarak i\u015flenmesi sebebiyle zarara u\u011framas\u0131 h\u00e2linde zarar\u0131n giderilmesini talep etme<\/li>\n<\/ul>\n\n\n\n<p>haklar\u0131n\u0131z bulunmaktad\u0131r.<\/p>\n\n\n\n<p>Haklar\u0131n\u0131z\u0131 a\u015fa\u011f\u0131daki ileti\u015fim kanallar\u0131ndan bize ula\u015farak kullanabilirsiniz:<br>\u2709\ufe0f <a>info@guneyorman.com.tr<\/a><\/p>\n\n\n\n<p><strong>G\u00dcNEY ORMAN \u00dcR\u00dcNLER\u0130 Sanayi ve Ticaret A.\u015e. \u2013 [Adres bilgisi eklenecek]<\/strong><\/p>\n\n\n\n<p>Ki\u015fisel verilerinizin i\u015flenmesine izin verdi\u011finiz \u00fc\u00e7\u00fcnc\u00fc ki\u015filer, <strong>KVK Ayd\u0131nlatma Metni\u2019nde<\/strong> belirtilen \u00fc\u00e7\u00fcnc\u00fc ki\u015filer ile s\u0131n\u0131rl\u0131d\u0131r.<\/p>\n\n\n\n<p>Verileriniz yukar\u0131da belirtilenler (\u201cVeri Alanlar\u201d) d\u0131\u015f\u0131nda \u00fc\u00e7\u00fcnc\u00fc ki\u015fi veya kurulu\u015flarla payla\u015f\u0131lmayacakt\u0131r.<\/p>\n\n\n\n<p>Bu bilgiler yaln\u0131zca G\u00dcNEY ORMAN \u00dcR\u00dcNLER\u0130\u2019nin ve s\u00f6zle\u015fme ili\u015fkisi i\u00e7inde oldu\u011fu Veri Alanlar\u2019\u0131n;<\/p>\n\n\n\n<ul class=\"wp-block-list\">\n<li>Hizmet kalitesini art\u0131rmak,<\/li>\n\n\n\n<li>M\u00fc\u015fteri memnuniyetini sa\u011flamak,<\/li>\n\n\n\n<li>Yeni \u00fcr\u00fcn ve hizmetler bak\u0131m\u0131ndan sizleri bilgilendirmek,<\/li>\n\n\n\n<li>Sizlere uygun hizmet anlay\u0131\u015f\u0131, avantaj ve kampanyalar yaratmak,<\/li>\n\n\n\n<li>Size \u00f6zel reklam, sat\u0131\u015f ve pazarlama faaliyetleri ger\u00e7ekle\u015ftirmek,<\/li>\n\n\n\n<li>Di\u011fer size \u00f6zel hizmetleri sunmak<\/li>\n<\/ul>\n\n\n\n<p>ama\u00e7lar\u0131yla kullan\u0131lacakt\u0131r.<\/p>\n\n\n\n<p>Payla\u015fm\u0131\u015f oldu\u011funuz bilgiler, ki\u015fisel verilerin korunmas\u0131 konusunda ilgili mevzuata uygun hareket eden \u00fc\u00e7\u00fcnc\u00fc ki\u015filerle, 6698 Say\u0131l\u0131 Kanun\u2019un belirlemi\u015f oldu\u011fu \u00e7er\u00e7evede, yaln\u0131zca ihtiya\u00e7 durumunda, gerekli \u00f6l\u00e7\u00fcde ve ancak mevzuat\u0131n izin verdi\u011fi ve zorunlu tuttu\u011fu s\u0131n\u0131rlar d\u00e2hilinde payla\u015f\u0131lacakt\u0131r.<\/p>\n","protected":false},"excerpt":{"rendered":"<p>Bu belgeyi onaylamakla, G\u00dcNEY ORMAN \u00dcR\u00dcNLER\u0130 Sanayi ve Ticaret A.\u015e. (\u201cG\u00dcNEY ORMAN \u00dcR\u00dcNLER\u0130\u201d) taraf\u0131ndan kampanyalar, ara\u015ft\u0131rmalar, anketler, bilgilendirme, pazarlama ba\u015fl\u0131klar\u0131 alt\u0131nda sunulan f\u0131rsatlar ve hizmetlerden yararlanabilme amac\u0131yla taraf\u0131n\u0131zca a\u00e7\u0131k veya \u00f6rt\u00fcl\u00fc olarak verilen ve\/veya daha \u00f6nceden verilmi\u015f olan ki\u015fisel bilgilerin (\u00f6zel nitelikli ki\u015fisel veriler de dahil olmak \u00fczere), G\u00dcNEY ORMAN \u00dcR\u00dcNLER\u0130 taraf\u0131ndan toplanmas\u0131na, i\u015flenmesine, saklanmas\u0131na, [&hellip;]<\/p>\n","protected":false},"author":1,"featured_media":0,"parent":0,"menu_order":0,"comment_status":"closed","ping_status":"closed","template":"","meta":{"footnotes":""},"class_list":["post-12208","page","type-page","status-publish","hentry"],"_links":{"self":[{"href":"https:\/\/guneyorman.com\/en\/wp-json\/wp\/v2\/pages\/12208","targetHints":{"allow":["GET"]}}],"collection":[{"href":"https:\/\/guneyorman.com\/en\/wp-json\/wp\/v2\/pages"}],"about":[{"href":"https:\/\/guneyorman.com\/en\/wp-json\/wp\/v2\/types\/page"}],"author":[{"embeddable":true,"href":"https:\/\/guneyorman.com\/en\/wp-json\/wp\/v2\/users\/1"}],"replies":[{"embeddable":true,"href":"https:\/\/guneyorman.com\/en\/wp-json\/wp\/v2\/comments?post=12208"}],"version-history":[{"count":1,"href":"https:\/\/guneyorman.com\/en\/wp-json\/wp\/v2\/pages\/12208\/revisions"}],"predecessor-version":[{"id":12209,"href":"https:\/\/guneyorman.com\/en\/wp-json\/wp\/v2\/pages\/12208\/revisions\/12209"}],"wp:attachment":[{"href":"https:\/\/guneyorman.com\/en\/wp-json\/wp\/v2\/media?parent=12208"}],"curies":[{"name":"wp","href":"https:\/\/api.w.org\/{rel}","templated":true}]}}