{"id":13030,"date":"2025-11-02T00:45:07","date_gmt":"2025-11-01T21:45:07","guid":{"rendered":"https:\/\/guneyorman.com\/product\/egzotik-mese\/"},"modified":"2025-11-02T15:22:49","modified_gmt":"2025-11-02T12:22:49","slug":"egzotik-mese","status":"publish","type":"product","link":"https:\/\/guneyorman.com\/en\/product\/egzotik-mese\/","title":{"rendered":"EGZOT\u0130K ME\u015eE"},"content":{"rendered":"<p>G\u00fcney Forest Products' MDFLam \/ ChipboardLam Collection offers aesthetics and durability to modern interior designs. It creates inspiring solutions for architects, interior architects and manufacturers with its wide range of colour, pattern and surface options. It provides long-lasting use thanks to its scratch-resistant, easy-to-clean, antibacterial, fade and yellowing resistant structure. Produced with high quality standards, the collection is safely preferred both in living spaces and public places. The collection combines aesthetics and functionality in residential applications such as living, bedroom and children's room furniture, kitchen and bathroom cabinets, as well as in projects with intensive use such as hotels, cafes, restaurants, schools and hospitals. With the professional supply power of G\u00fcney Forest Products, quality, durability and design are offered together in every project.<\/p>","protected":false},"excerpt":{"rendered":"<p><img fetchpriority=\"high\" decoding=\"async\" class=\"alignnone wp-image-12042 size-large\" src=\"https:\/\/guneyorman.com\/wp-content\/uploads\/2025\/10\/Ekran-Resmi-2025-10-02-22.16.58-1024x701.png\" alt=\"\" width=\"1024\" height=\"701\" srcset=\"https:\/\/guneyorman.com\/wp-content\/uploads\/2025\/10\/Ekran-Resmi-2025-10-02-22.16.58-1024x701.png 1024w, https:\/\/guneyorman.com\/wp-content\/uploads\/2025\/10\/Ekran-Resmi-2025-10-02-22.16.58-300x205.png 300w, https:\/\/guneyorman.com\/wp-content\/uploads\/2025\/10\/Ekran-Resmi-2025-10-02-22.16.58-768x526.png 768w, https:\/\/guneyorman.com\/wp-content\/uploads\/2025\/10\/Ekran-Resmi-2025-10-02-22.16.58-292x200.png 292w, https:\/\/guneyorman.com\/wp-content\/uploads\/2025\/10\/Ekran-Resmi-2025-10-02-22.16.58.png 1522w\" sizes=\"(max-width: 1024px) 100vw, 1024px\" \/><\/p>","protected":false},"featured_media":13337,"comment_status":"open","ping_status":"closed","template":"","meta":[],"product_brand":[102],"product_cat":[15,192],"product_tag":[],"class_list":{"0":"post-13030","1":"product","2":"type-product","3":"status-publish","4":"has-post-thumbnail","6":"product_brand-yildiz-entegre","7":"product_cat-ahsap-panel-grubu","8":"product_cat-mdflam-suntalam","9":"ts_product_brand-yildiz-entegre","11":"first","12":"instock","13":"shipping-taxable","14":"product-type-simple"},"_links":{"self":[{"href":"https:\/\/guneyorman.com\/en\/wp-json\/wp\/v2\/product\/13030","targetHints":{"allow":["GET"]}}],"collection":[{"href":"https:\/\/guneyorman.com\/en\/wp-json\/wp\/v2\/product"}],"about":[{"href":"https:\/\/guneyorman.com\/en\/wp-json\/wp\/v2\/types\/product"}],"replies":[{"embeddable":true,"href":"https:\/\/guneyorman.com\/en\/wp-json\/wp\/v2\/comments?post=13030"}],"wp:featuredmedia":[{"embeddable":true,"href":"https:\/\/guneyorman.com\/en\/wp-json\/wp\/v2\/media\/13337"}],"wp:attachment":[{"href":"https:\/\/guneyorman.com\/en\/wp-json\/wp\/v2\/media?parent=13030"}],"wp:term":[{"taxonomy":"product_brand","embeddable":true,"href":"https:\/\/guneyorman.com\/en\/wp-json\/wp\/v2\/product_brand?post=13030"},{"taxonomy":"product_cat","embeddable":true,"href":"https:\/\/guneyorman.com\/en\/wp-json\/wp\/v2\/product_cat?post=13030"},{"taxonomy":"product_tag","embeddable":true,"href":"https:\/\/guneyorman.com\/en\/wp-json\/wp\/v2\/product_tag?post=13030"}],"curies":[{"name":"wp","href":"https:\/\/api.w.org\/{rel}","templated":true}]}}