{"id":13482,"date":"2025-11-21T23:14:26","date_gmt":"2025-11-21T20:14:26","guid":{"rendered":"https:\/\/guneyorman.com\/product\/frezya-parlak-lak-panel\/"},"modified":"2025-11-24T19:59:36","modified_gmt":"2025-11-24T16:59:36","slug":"frezya-parlak-lak-panel","status":"publish","type":"product","link":"https:\/\/guneyorman.com\/en\/product\/frezya-parlak-lak-panel\/","title":{"rendered":"FREZYA PARLAK LAK PANEL"},"content":{"rendered":"<p>Super Gloss Lak Panel Koleksiyonu, G\u00fcney Orman \u00dcr\u00fcnleri g\u00fcvencesiyle maksimum parlakl\u0131k, cam benzeri \u015feffafl\u0131k ve y\u00fcksek dayan\u0131m sunar. \u00c7izilme, sararma ve darbelere kar\u015f\u0131 koruyucu yap\u0131s\u0131yla uzun \u00f6m\u00fcrl\u00fcd\u00fcr. Mutfak, banyo ve t\u00fcm mobilya y\u00fczeylerinde modern, ferah ve estetik bir g\u00f6r\u00fcn\u00fcm sa\u011flar.<\/p>","protected":false},"excerpt":{"rendered":"<p>https:\/\/guneyorman.com\/wp-content\/uploads\/2025\/11\/Lak-Panel.png<\/p>","protected":false},"featured_media":13523,"comment_status":"open","ping_status":"closed","template":"","meta":[],"product_brand":[102],"product_cat":[15,194,254],"product_tag":[],"class_list":{"0":"post-13482","1":"product","2":"type-product","3":"status-publish","4":"has-post-thumbnail","6":"product_brand-yildiz-entegre","7":"product_cat-ahsap-panel-grubu","8":"product_cat-lakpanel","9":"product_cat-parlak-lakpanel","10":"ts_product_brand-yildiz-entegre","12":"first","13":"instock","14":"shipping-taxable","15":"product-type-simple"},"_links":{"self":[{"href":"https:\/\/guneyorman.com\/en\/wp-json\/wp\/v2\/product\/13482","targetHints":{"allow":["GET"]}}],"collection":[{"href":"https:\/\/guneyorman.com\/en\/wp-json\/wp\/v2\/product"}],"about":[{"href":"https:\/\/guneyorman.com\/en\/wp-json\/wp\/v2\/types\/product"}],"replies":[{"embeddable":true,"href":"https:\/\/guneyorman.com\/en\/wp-json\/wp\/v2\/comments?post=13482"}],"wp:featuredmedia":[{"embeddable":true,"href":"https:\/\/guneyorman.com\/en\/wp-json\/wp\/v2\/media\/13523"}],"wp:attachment":[{"href":"https:\/\/guneyorman.com\/en\/wp-json\/wp\/v2\/media?parent=13482"}],"wp:term":[{"taxonomy":"product_brand","embeddable":true,"href":"https:\/\/guneyorman.com\/en\/wp-json\/wp\/v2\/product_brand?post=13482"},{"taxonomy":"product_cat","embeddable":true,"href":"https:\/\/guneyorman.com\/en\/wp-json\/wp\/v2\/product_cat?post=13482"},{"taxonomy":"product_tag","embeddable":true,"href":"https:\/\/guneyorman.com\/en\/wp-json\/wp\/v2\/product_tag?post=13482"}],"curies":[{"name":"wp","href":"https:\/\/api.w.org\/{rel}","templated":true}]}}