{"id":13512,"date":"2025-11-21T23:14:28","date_gmt":"2025-11-21T20:14:28","guid":{"rendered":"https:\/\/guneyorman.com\/product\/silves-mat-lak-panel\/"},"modified":"2025-11-28T10:20:35","modified_gmt":"2025-11-28T07:20:35","slug":"silves-mat-lak-panel","status":"publish","type":"product","link":"https:\/\/guneyorman.com\/en\/product\/silves-mat-lak-panel\/","title":{"rendered":"S\u0130LVES MAT LAK PANEL"},"content":{"rendered":"<p>Superior Matt Lak Panel Koleksiyonu, G\u00fcney Orman \u00dcr\u00fcnleri g\u00fcvencesiyle kusursuz matl\u0131\u011f\u0131 ve ipeksi dokusuyla hem g\u00f6rsel estetik hem de dokunsal kalite sunar. Parmak izine kar\u015f\u0131 dayan\u0131kl\u0131 yap\u0131s\u0131 sayesinde temiz ve \u015f\u0131k bir g\u00f6r\u00fcn\u00fcm\u00fcn\u00fc uzun s\u00fcre korur. \u00c7izilmeye, sararmaya, darbeye ve ev kimyasallar\u0131na kar\u015f\u0131 y\u00fcksek dayan\u0131m sa\u011flayan antibakteriyel y\u00fczeyi, t\u00fcm renk ve desen se\u00e7eneklerinde uygulanabilir. Mutfak ve banyo dolaplar\u0131, mobilya kapaklar\u0131, yatak odas\u0131 dolaplar\u0131, s\u00fcrg\u00fcl\u00fc kapaklar, TV \u00fcniteleri, ofis mobilyalar\u0131 ve masa y\u00fczeylerine kadar geni\u015f kullan\u0131m alan\u0131yla modern tasar\u0131mlar\u0131n vazge\u00e7ilmez tercihi h\u00e2line gelir. G\u00fcney Orman \u00dcr\u00fcnleri ile mat dokunun en \u015f\u0131k h\u00e2lini ke\u015ffedin.<\/p>","protected":false},"excerpt":{"rendered":"<p><img fetchpriority=\"high\" decoding=\"async\" class=\"alignnone wp-image-13445 size-large\" src=\"https:\/\/guneyorman.com\/wp-content\/uploads\/2025\/11\/Lak-Panel-1024x692.png\" alt=\"\" width=\"1024\" height=\"692\" srcset=\"https:\/\/guneyorman.com\/wp-content\/uploads\/2025\/11\/Lak-Panel-1024x692.png 1024w, https:\/\/guneyorman.com\/wp-content\/uploads\/2025\/11\/Lak-Panel-300x203.png 300w, https:\/\/guneyorman.com\/wp-content\/uploads\/2025\/11\/Lak-Panel-768x519.png 768w, https:\/\/guneyorman.com\/wp-content\/uploads\/2025\/11\/Lak-Panel-1536x1037.png 1536w, https:\/\/guneyorman.com\/wp-content\/uploads\/2025\/11\/Lak-Panel-296x200.png 296w, https:\/\/guneyorman.com\/wp-content\/uploads\/2025\/11\/Lak-Panel.png 1614w\" sizes=\"(max-width: 1024px) 100vw, 1024px\" \/><\/p>","protected":false},"featured_media":13521,"comment_status":"open","ping_status":"closed","template":"","meta":[],"product_brand":[102],"product_cat":[15,194,253],"product_tag":[],"class_list":{"0":"post-13512","1":"product","2":"type-product","3":"status-publish","4":"has-post-thumbnail","6":"product_brand-yildiz-entegre","7":"product_cat-ahsap-panel-grubu","8":"product_cat-lakpanel","9":"product_cat-mat-lakpanel","10":"ts_product_brand-yildiz-entegre","12":"first","13":"instock","14":"shipping-taxable","15":"product-type-simple"},"_links":{"self":[{"href":"https:\/\/guneyorman.com\/en\/wp-json\/wp\/v2\/product\/13512","targetHints":{"allow":["GET"]}}],"collection":[{"href":"https:\/\/guneyorman.com\/en\/wp-json\/wp\/v2\/product"}],"about":[{"href":"https:\/\/guneyorman.com\/en\/wp-json\/wp\/v2\/types\/product"}],"replies":[{"embeddable":true,"href":"https:\/\/guneyorman.com\/en\/wp-json\/wp\/v2\/comments?post=13512"}],"wp:featuredmedia":[{"embeddable":true,"href":"https:\/\/guneyorman.com\/en\/wp-json\/wp\/v2\/media\/13521"}],"wp:attachment":[{"href":"https:\/\/guneyorman.com\/en\/wp-json\/wp\/v2\/media?parent=13512"}],"wp:term":[{"taxonomy":"product_brand","embeddable":true,"href":"https:\/\/guneyorman.com\/en\/wp-json\/wp\/v2\/product_brand?post=13512"},{"taxonomy":"product_cat","embeddable":true,"href":"https:\/\/guneyorman.com\/en\/wp-json\/wp\/v2\/product_cat?post=13512"},{"taxonomy":"product_tag","embeddable":true,"href":"https:\/\/guneyorman.com\/en\/wp-json\/wp\/v2\/product_tag?post=13512"}],"curies":[{"name":"wp","href":"https:\/\/api.w.org\/{rel}","templated":true}]}}