{"id":13627,"date":"2025-11-24T22:35:10","date_gmt":"2025-11-24T19:35:10","guid":{"rendered":"https:\/\/guneyorman.com\/product\/soft-gri-kapak-panel\/"},"modified":"2025-11-27T10:53:36","modified_gmt":"2025-11-27T07:53:36","slug":"soft-gri-kapak-panel","status":"publish","type":"product","link":"https:\/\/guneyorman.com\/en\/product\/soft-grey-cover-panel\/","title":{"rendered":"SOFT GREY COVER PANEL"},"content":{"rendered":"<p>Y\u0131ld\u0131z Entegre Matte Cover Panel Collection, presented with the assurance of G\u00fcney Orman, adds elegance to modern spaces with its silky texture and deep matt surface. Thanks to its scratch, yellowing and household chemical resistant structure, it offers a long-lasting use and does not compromise hygiene with its antibacterial feature. The full colour harmony provided on the front and back surfaces with DUORENK technology creates a perfect integrity in kitchens, bathrooms and all interior furniture. G\u00fcney Orman continues to be a reliable solution partner for architects and manufacturers looking for quality materials for their projects with its strong stock structure and fast supply advantage.<\/p>","protected":false},"excerpt":{"rendered":"<p><img fetchpriority=\"high\" decoding=\"async\" class=\"alignnone size-large wp-image-13808\" src=\"https:\/\/guneyorman.com\/wp-content\/uploads\/2025\/11\/Ekran-Resmi-2025-11-25-11.56.07-1024x647.png\" alt=\"\" width=\"1024\" height=\"647\" srcset=\"https:\/\/guneyorman.com\/wp-content\/uploads\/2025\/11\/Ekran-Resmi-2025-11-25-11.56.07-1024x647.png 1024w, https:\/\/guneyorman.com\/wp-content\/uploads\/2025\/11\/Ekran-Resmi-2025-11-25-11.56.07-300x190.png 300w, https:\/\/guneyorman.com\/wp-content\/uploads\/2025\/11\/Ekran-Resmi-2025-11-25-11.56.07-768x485.png 768w, https:\/\/guneyorman.com\/wp-content\/uploads\/2025\/11\/Ekran-Resmi-2025-11-25-11.56.07-1536x971.png 1536w, https:\/\/guneyorman.com\/wp-content\/uploads\/2025\/11\/Ekran-Resmi-2025-11-25-11.56.07-316x200.png 316w, https:\/\/guneyorman.com\/wp-content\/uploads\/2025\/11\/Ekran-Resmi-2025-11-25-11.56.07.png 1598w\" sizes=\"(max-width: 1024px) 100vw, 1024px\" \/><\/p>","protected":false},"featured_media":13754,"comment_status":"open","ping_status":"closed","template":"","meta":[],"product_brand":[102],"product_cat":[15,240,246],"product_tag":[],"class_list":{"0":"post-13627","1":"product","2":"type-product","3":"status-publish","4":"has-post-thumbnail","6":"product_brand-yildiz-entegre","7":"product_cat-ahsap-panel-grubu","8":"product_cat-kapak-panel","9":"product_cat-kapak-panel-mat","10":"ts_product_brand-yildiz-entegre","12":"first","13":"instock","14":"shipping-taxable","15":"product-type-simple"},"_links":{"self":[{"href":"https:\/\/guneyorman.com\/en\/wp-json\/wp\/v2\/product\/13627","targetHints":{"allow":["GET"]}}],"collection":[{"href":"https:\/\/guneyorman.com\/en\/wp-json\/wp\/v2\/product"}],"about":[{"href":"https:\/\/guneyorman.com\/en\/wp-json\/wp\/v2\/types\/product"}],"replies":[{"embeddable":true,"href":"https:\/\/guneyorman.com\/en\/wp-json\/wp\/v2\/comments?post=13627"}],"wp:featuredmedia":[{"embeddable":true,"href":"https:\/\/guneyorman.com\/en\/wp-json\/wp\/v2\/media\/13754"}],"wp:attachment":[{"href":"https:\/\/guneyorman.com\/en\/wp-json\/wp\/v2\/media?parent=13627"}],"wp:term":[{"taxonomy":"product_brand","embeddable":true,"href":"https:\/\/guneyorman.com\/en\/wp-json\/wp\/v2\/product_brand?post=13627"},{"taxonomy":"product_cat","embeddable":true,"href":"https:\/\/guneyorman.com\/en\/wp-json\/wp\/v2\/product_cat?post=13627"},{"taxonomy":"product_tag","embeddable":true,"href":"https:\/\/guneyorman.com\/en\/wp-json\/wp\/v2\/product_tag?post=13627"}],"curies":[{"name":"wp","href":"https:\/\/api.w.org\/{rel}","templated":true}]}}