{"id":13639,"date":"2025-11-24T22:35:11","date_gmt":"2025-11-24T19:35:11","guid":{"rendered":"https:\/\/guneyorman.com\/product\/leda-kapak-panel\/"},"modified":"2025-11-27T16:29:42","modified_gmt":"2025-11-27T13:29:42","slug":"leda-kapak-panel","status":"publish","type":"product","link":"https:\/\/guneyorman.com\/en\/product\/leda-kapak-panel\/","title":{"rendered":"LEDA KAPAK PANEL"},"content":{"rendered":"<p>G\u00fcney Orman g\u00fcvencesiyle sunulan Y\u0131ld\u0131z Entegre Mat Kapak Panel Koleksiyonu, ipeksi dokusu ve derin mat y\u00fczeyiyle modern mek\u00e2nlara zarafet kat\u0131yor. \u00c7izilmeye, sararmaya ve ev kimyasallar\u0131na dayan\u0131kl\u0131 yap\u0131s\u0131 sayesinde uzun \u00f6m\u00fcrl\u00fc bir kullan\u0131m sunarken antibakteriyel \u00f6zelli\u011fiyle hijyenden \u00f6d\u00fcn vermiyor. DUORENK teknolojisi ile \u00f6n ve arka y\u00fczeylerde sa\u011flanan tam renk uyumu, mutfak, banyo ve t\u00fcm i\u00e7 mek\u00e2n mobilyalar\u0131nda kusursuz bir b\u00fct\u00fcnl\u00fck olu\u015fturuyor. Projelerinde kaliteli malzeme arayan mimarlar ve \u00fcreticiler i\u00e7in G\u00fcney Orman, g\u00fc\u00e7l\u00fc stok yap\u0131s\u0131 ve h\u0131zl\u0131 tedarik avantaj\u0131yla g\u00fcvenilir \u00e7\u00f6z\u00fcm orta\u011f\u0131 olmaya devam ediyor.<\/p>","protected":false},"excerpt":{"rendered":"<p><img fetchpriority=\"high\" decoding=\"async\" class=\"alignnone size-large wp-image-13808\" src=\"https:\/\/guneyorman.com\/wp-content\/uploads\/2025\/11\/Ekran-Resmi-2025-11-25-11.56.07-1024x647.png\" alt=\"\" width=\"1024\" height=\"647\" srcset=\"https:\/\/guneyorman.com\/wp-content\/uploads\/2025\/11\/Ekran-Resmi-2025-11-25-11.56.07-1024x647.png 1024w, https:\/\/guneyorman.com\/wp-content\/uploads\/2025\/11\/Ekran-Resmi-2025-11-25-11.56.07-300x190.png 300w, https:\/\/guneyorman.com\/wp-content\/uploads\/2025\/11\/Ekran-Resmi-2025-11-25-11.56.07-768x485.png 768w, https:\/\/guneyorman.com\/wp-content\/uploads\/2025\/11\/Ekran-Resmi-2025-11-25-11.56.07-1536x971.png 1536w, https:\/\/guneyorman.com\/wp-content\/uploads\/2025\/11\/Ekran-Resmi-2025-11-25-11.56.07-316x200.png 316w, https:\/\/guneyorman.com\/wp-content\/uploads\/2025\/11\/Ekran-Resmi-2025-11-25-11.56.07.png 1598w\" sizes=\"(max-width: 1024px) 100vw, 1024px\" \/><\/p>","protected":false},"featured_media":13793,"comment_status":"open","ping_status":"closed","template":"","meta":[],"product_brand":[102],"product_cat":[15,240,246],"product_tag":[],"class_list":{"0":"post-13639","1":"product","2":"type-product","3":"status-publish","4":"has-post-thumbnail","6":"product_brand-yildiz-entegre","7":"product_cat-ahsap-panel-grubu","8":"product_cat-kapak-panel","9":"product_cat-kapak-panel-mat","10":"ts_product_brand-yildiz-entegre","12":"first","13":"instock","14":"shipping-taxable","15":"product-type-simple"},"_links":{"self":[{"href":"https:\/\/guneyorman.com\/en\/wp-json\/wp\/v2\/product\/13639","targetHints":{"allow":["GET"]}}],"collection":[{"href":"https:\/\/guneyorman.com\/en\/wp-json\/wp\/v2\/product"}],"about":[{"href":"https:\/\/guneyorman.com\/en\/wp-json\/wp\/v2\/types\/product"}],"replies":[{"embeddable":true,"href":"https:\/\/guneyorman.com\/en\/wp-json\/wp\/v2\/comments?post=13639"}],"wp:featuredmedia":[{"embeddable":true,"href":"https:\/\/guneyorman.com\/en\/wp-json\/wp\/v2\/media\/13793"}],"wp:attachment":[{"href":"https:\/\/guneyorman.com\/en\/wp-json\/wp\/v2\/media?parent=13639"}],"wp:term":[{"taxonomy":"product_brand","embeddable":true,"href":"https:\/\/guneyorman.com\/en\/wp-json\/wp\/v2\/product_brand?post=13639"},{"taxonomy":"product_cat","embeddable":true,"href":"https:\/\/guneyorman.com\/en\/wp-json\/wp\/v2\/product_cat?post=13639"},{"taxonomy":"product_tag","embeddable":true,"href":"https:\/\/guneyorman.com\/en\/wp-json\/wp\/v2\/product_tag?post=13639"}],"curies":[{"name":"wp","href":"https:\/\/api.w.org\/{rel}","templated":true}]}}