{"id":13666,"date":"2025-11-24T22:35:13","date_gmt":"2025-11-24T19:35:13","guid":{"rendered":"https:\/\/guneyorman.com\/product\/hg-kum-beji-kapak-panel\/"},"modified":"2025-11-27T09:47:07","modified_gmt":"2025-11-27T06:47:07","slug":"hg-kum-beji-kapak-panel","status":"publish","type":"product","link":"https:\/\/guneyorman.com\/en\/product\/hg-kum-beji-kapak-panel\/","title":{"rendered":"HG KUM BEJ\u0130 KAPAK PANEL"},"content":{"rendered":"<p>G\u00fcney Orman g\u00fcvencesiyle sunulan Y\u0131ld\u0131z Entegre High Gloss Kapak Panel Koleksiyonu, y\u00fcksek parlakl\u0131k ve derin renk etkisiyle mekanlara ferah, geni\u015f ve premium bir g\u00f6r\u00fcn\u00fcm kazand\u0131r\u0131yor. Antibakteriyel yap\u0131s\u0131, \u00e7izilme ve sararmaya dayan\u0131m\u0131 ile uzun y\u0131llar ilk g\u00fcnk\u00fc kalitesini korurken; ev kimyasallar\u0131na kar\u015f\u0131 y\u00fcksek direnci kullan\u0131m kolayl\u0131\u011f\u0131 sa\u011fl\u0131yor. Y\u00fczey dalgalanmas\u0131 minimuma indirilen bu \u00f6zel koleksiyon, geni\u015f renk ve desen se\u00e7enekleriyle mutfak, banyo ve t\u00fcm i\u00e7 mek\u00e2n projelerinde modern tasar\u0131mlara ilham veriyor. Projelerinde estetik ve dayan\u0131m\u0131 bir arada arayan profesyoneller i\u00e7in G\u00fcney Orman, h\u0131zl\u0131 tedarik ve g\u00fc\u00e7l\u00fc stok avantaj\u0131yla her zaman yan\u0131n\u0131zda.<\/p>","protected":false},"excerpt":{"rendered":"<p><img fetchpriority=\"high\" decoding=\"async\" class=\"alignnone size-large wp-image-13807\" src=\"https:\/\/guneyorman.com\/wp-content\/uploads\/2025\/11\/Ekran-Resmi-2025-11-25-11.40.30-1024x646.png\" alt=\"\" width=\"1024\" height=\"646\" srcset=\"https:\/\/guneyorman.com\/wp-content\/uploads\/2025\/11\/Ekran-Resmi-2025-11-25-11.40.30-1024x646.png 1024w, https:\/\/guneyorman.com\/wp-content\/uploads\/2025\/11\/Ekran-Resmi-2025-11-25-11.40.30-300x189.png 300w, https:\/\/guneyorman.com\/wp-content\/uploads\/2025\/11\/Ekran-Resmi-2025-11-25-11.40.30-768x484.png 768w, https:\/\/guneyorman.com\/wp-content\/uploads\/2025\/11\/Ekran-Resmi-2025-11-25-11.40.30-1536x969.png 1536w, https:\/\/guneyorman.com\/wp-content\/uploads\/2025\/11\/Ekran-Resmi-2025-11-25-11.40.30-317x200.png 317w, https:\/\/guneyorman.com\/wp-content\/uploads\/2025\/11\/Ekran-Resmi-2025-11-25-11.40.30.png 1608w\" sizes=\"(max-width: 1024px) 100vw, 1024px\" \/><\/p>","protected":false},"featured_media":13725,"comment_status":"open","ping_status":"closed","template":"","meta":[],"product_brand":[102],"product_cat":[15,195,240,242],"product_tag":[],"class_list":{"0":"post-13666","1":"product","2":"type-product","3":"status-publish","4":"has-post-thumbnail","6":"product_brand-yildiz-entegre","7":"product_cat-ahsap-panel-grubu","8":"product_cat-high-gloss-panel","9":"product_cat-kapak-panel","10":"product_cat-parlak","11":"ts_product_brand-yildiz-entegre","13":"first","14":"instock","15":"shipping-taxable","16":"product-type-simple"},"_links":{"self":[{"href":"https:\/\/guneyorman.com\/en\/wp-json\/wp\/v2\/product\/13666","targetHints":{"allow":["GET"]}}],"collection":[{"href":"https:\/\/guneyorman.com\/en\/wp-json\/wp\/v2\/product"}],"about":[{"href":"https:\/\/guneyorman.com\/en\/wp-json\/wp\/v2\/types\/product"}],"replies":[{"embeddable":true,"href":"https:\/\/guneyorman.com\/en\/wp-json\/wp\/v2\/comments?post=13666"}],"wp:featuredmedia":[{"embeddable":true,"href":"https:\/\/guneyorman.com\/en\/wp-json\/wp\/v2\/media\/13725"}],"wp:attachment":[{"href":"https:\/\/guneyorman.com\/en\/wp-json\/wp\/v2\/media?parent=13666"}],"wp:term":[{"taxonomy":"product_brand","embeddable":true,"href":"https:\/\/guneyorman.com\/en\/wp-json\/wp\/v2\/product_brand?post=13666"},{"taxonomy":"product_cat","embeddable":true,"href":"https:\/\/guneyorman.com\/en\/wp-json\/wp\/v2\/product_cat?post=13666"},{"taxonomy":"product_tag","embeddable":true,"href":"https:\/\/guneyorman.com\/en\/wp-json\/wp\/v2\/product_tag?post=13666"}],"curies":[{"name":"wp","href":"https:\/\/api.w.org\/{rel}","templated":true}]}}