{"id":13688,"date":"2025-11-24T22:35:15","date_gmt":"2025-11-24T19:35:15","guid":{"rendered":"https:\/\/guneyorman.com\/product\/ultra-akrilik-kar-beyaz-kapak-panel\/"},"modified":"2025-11-28T10:32:02","modified_gmt":"2025-11-28T07:32:02","slug":"ultra-akrilik-kar-beyaz-kapak-panel","status":"publish","type":"product","link":"https:\/\/guneyorman.com\/en\/product\/ultra-akrilik-kar-beyaz-kapak-panel\/","title":{"rendered":"ULTRA ACRYLIC SNOW WHITE COVER PANEL"},"content":{"rendered":"<p>G\u00fcney Orman g\u00fcvencesiyle sunulan Ultra Akrilik Kapak Panel Koleksiyonu, y\u00fcksek parlakl\u0131\u011f\u0131 ve derin renk efektleriyle ya\u015fam alanlar\u0131na ferahl\u0131k ve modern bir estetik kazand\u0131r\u0131r. Antibakteriyel yap\u0131s\u0131, \u00e7izilmeye ve sararmaya dayan\u0131m\u0131 ile uzun \u00f6m\u00fcrl\u00fc bir kullan\u0131m sunar. Geni\u015f renk ve desen se\u00e7enekleri sayesinde mutfak, banyo ve t\u00fcm i\u00e7 mek\u00e2n projelerinde kusursuz uyum sa\u011flar. Projeleriniz i\u00e7in kaliteli, \u015f\u0131k ve g\u00fcvenilir malzeme tedarikinde G\u00fcney Orman her zaman yan\u0131n\u0131zda.<\/p>","protected":false},"excerpt":{"rendered":"<p><img fetchpriority=\"high\" decoding=\"async\" class=\"alignnone size-large wp-image-13807\" src=\"https:\/\/guneyorman.com\/wp-content\/uploads\/2025\/11\/Ekran-Resmi-2025-11-25-11.40.30-1024x646.png\" alt=\"\" width=\"1024\" height=\"646\" srcset=\"https:\/\/guneyorman.com\/wp-content\/uploads\/2025\/11\/Ekran-Resmi-2025-11-25-11.40.30-1024x646.png 1024w, https:\/\/guneyorman.com\/wp-content\/uploads\/2025\/11\/Ekran-Resmi-2025-11-25-11.40.30-300x189.png 300w, https:\/\/guneyorman.com\/wp-content\/uploads\/2025\/11\/Ekran-Resmi-2025-11-25-11.40.30-768x484.png 768w, https:\/\/guneyorman.com\/wp-content\/uploads\/2025\/11\/Ekran-Resmi-2025-11-25-11.40.30-1536x969.png 1536w, https:\/\/guneyorman.com\/wp-content\/uploads\/2025\/11\/Ekran-Resmi-2025-11-25-11.40.30-317x200.png 317w, https:\/\/guneyorman.com\/wp-content\/uploads\/2025\/11\/Ekran-Resmi-2025-11-25-11.40.30.png 1608w\" sizes=\"(max-width: 1024px) 100vw, 1024px\" \/><\/p>","protected":false},"featured_media":13798,"comment_status":"open","ping_status":"closed","template":"","meta":[],"product_brand":[102],"product_cat":[15,240,250,235],"product_tag":[],"class_list":{"0":"post-13688","1":"product","2":"type-product","3":"status-publish","4":"has-post-thumbnail","6":"product_brand-yildiz-entegre","7":"product_cat-ahsap-panel-grubu","8":"product_cat-kapak-panel","9":"product_cat-parlak-ultra-akrilik","10":"product_cat-ultra-akrilik","11":"ts_product_brand-yildiz-entegre","13":"first","14":"instock","15":"shipping-taxable","16":"product-type-simple"},"_links":{"self":[{"href":"https:\/\/guneyorman.com\/en\/wp-json\/wp\/v2\/product\/13688","targetHints":{"allow":["GET"]}}],"collection":[{"href":"https:\/\/guneyorman.com\/en\/wp-json\/wp\/v2\/product"}],"about":[{"href":"https:\/\/guneyorman.com\/en\/wp-json\/wp\/v2\/types\/product"}],"replies":[{"embeddable":true,"href":"https:\/\/guneyorman.com\/en\/wp-json\/wp\/v2\/comments?post=13688"}],"wp:featuredmedia":[{"embeddable":true,"href":"https:\/\/guneyorman.com\/en\/wp-json\/wp\/v2\/media\/13798"}],"wp:attachment":[{"href":"https:\/\/guneyorman.com\/en\/wp-json\/wp\/v2\/media?parent=13688"}],"wp:term":[{"taxonomy":"product_brand","embeddable":true,"href":"https:\/\/guneyorman.com\/en\/wp-json\/wp\/v2\/product_brand?post=13688"},{"taxonomy":"product_cat","embeddable":true,"href":"https:\/\/guneyorman.com\/en\/wp-json\/wp\/v2\/product_cat?post=13688"},{"taxonomy":"product_tag","embeddable":true,"href":"https:\/\/guneyorman.com\/en\/wp-json\/wp\/v2\/product_tag?post=13688"}],"curies":[{"name":"wp","href":"https:\/\/api.w.org\/{rel}","templated":true}]}}